{"id":5300,"date":"2022-05-04T16:54:04","date_gmt":"2022-05-04T14:54:04","guid":{"rendered":"https:\/\/traveldataanalytics.de\/?page_id=5300"},"modified":"2026-04-01T23:53:17","modified_gmt":"2026-04-01T21:53:17","slug":"travel-sales-index","status":"publish","type":"page","link":"https:\/\/traveldataanalytics.de\/en\/leistungsspektrum\/buchungsstand","title":{"rendered":"Travel Sales Index"},"content":{"rendered":"\n<style>\n    .tableauPlaceholder {\n      height: 75vh !important;\n      cursor: initial !important;\n      z-index: 1;\n      position: relative !important;\nbox-shadow: 0px 20px 10px -10px rgb(38 38 38 \/ 22%);\n-moz-box-shadow: 0px 20px 10px -10px rgb(38 38 38 \/ 22%);\n-webkit-box-shadow: 0px 20px 10px -10px rgb(38 38 38 \/ 22%);\n-o-box-shadow: 0px 20px 10px -10px rgb(38 38 38 \/ 22%);\ntop: -27px;\n    }\n\n    iframe.tableauViz {\n      height: 100% !important;\n    }\n\n    #tableau-svg-spinner-container-0 {\n      border-radius: 0px !important;\n      background: url(https:\/\/traveldataanalytics.de\/wp-content\/uploads\/2019\/09\/Cube-1.4s-200px.gif);\n      background-repeat: no-repeat;\n      background-size: 65px;\n      background-position: center;\n      position: absolute;\n      top: -100px;\n      height: 75vh !important;\n    }\n\n    @media screen and (max-width: 767px) {\n      .tableauPlaceholder {\n        height: 60vh !important;\n      }\n\n      #tableau-svg-spinner-container-0 {\n        height: 60vh !important;\n      }\n    }\n\n  <\/style>\n  <div class=\"tableauPlaceholder cookieconsent-optout-preferences cookieconsent-optout-statistics\" style=\"padding: 30px;display: flex;flex-direction: column;align-content: center;align-items: center;height: 100%;justify-content: center;background: #f8f9f9;\">\n    <h5 style=\"color: #777777; margin-bottom: 30px; text-align: center;\">Um den interaktiven Buchungsstand zu laden, akzeptieren Sie bitte Pr\u00e4ferenz- und Statistikcookies<\/h5>\n    <a class=\"btn btn-theme-primary\" href=\"javascript: Cookiebot.renew()\"><i class=\"fa fa-check-square\" aria-hidden=\"true\" style=\"margin-right: 5px;\"><\/i>Cookies akzeptieren<\/a>\n  <\/div>\n  <div class=\"cookieconsent-optin-preferences cookieconsent-optin-statistics\">\n    <div class='tableauPlaceholder' id='viz1685614111308' style='position: relative'>\n      <noscript><a href='#'><img alt='DB Index Totalmarkt ' src='https:&#47;&#47;public.tableau.com&#47;static&#47;images&#47;TD&#47;TDAIndexTotalPKLFormat_Gro&#47;DBIndexTotalmarkt&#47;1_rss.png' style='border: none' \/><\/a><\/noscript><object class='tableauViz' style='display:none;'>\n        <param name='host_url' value='https%3A%2F%2Fpublic.tableau.com%2F' \/>\n        <param name='embed_code_version' value='3' \/>\n        <param name='site_root' value='' \/>\n        <param name='name' value='TDAIndexTotalPKLFormat_Gro&#47;DBIndexTotalmarkt' \/>\n        <param name='tabs' value='no' \/>\n        <param name='toolbar' value='top' \/>\n        <param name='static_image' value='https:&#47;&#47;public.tableau.com&#47;static&#47;images&#47;TD&#47;TDAIndexTotalPKLFormat_Gro&#47;DBIndexTotalmarkt&#47;1.png' \/>\n        <param name='animate_transition' value='yes' \/>\n        <param name='display_static_image' value='no' \/>\n        <param name='display_spinner' value='yes' \/>\n        <param name='display_overlay' value='yes' \/>\n        <param name='display_count' value='yes' \/>\n        <param name='language' value='de-DE' \/>\n      <\/object>\n    <\/div>\n    <script type='text\/javascript'>\n      var divElement = document.getElementById('viz1685614111308');\n      var vizElement = divElement.getElementsByTagName('object')[0];\n      if (divElement.offsetWidth > 800) {\n        vizElement.style.width = '100%';\n        vizElement.style.height = (divElement.offsetWidth * 0.75) + 'px';\n      } else if (divElement.offsetWidth > 500) {\n        vizElement.style.width = '100%';\n        vizElement.style.height = (divElement.offsetWidth * 0.75) + 'px';\n      } else {\n        vizElement.style.width = '100%';\n        vizElement.style.height = '727px';\n      }\n      var scriptElement = document.createElement('script');\n      scriptElement.src = 'https:\/\/public.tableau.com\/javascripts\/api\/viz_v1.js';\n      vizElement.parentNode.insertBefore(scriptElement, vizElement);\n\n    <\/script>\n  <\/div>\n\n\n\n<div class=\"wp-block-group has-text-color has-link-color wp-elements-6d3a7f597b77a741fe6d77c5c2c34da1\" style=\"color:#333333\"><div class=\"wp-block-group__inner-container is-layout-constrained wp-block-group-is-layout-constrained\">\n<div class=\"wp-block-group container\"><div class=\"wp-block-group__inner-container is-layout-constrained wp-block-group-is-layout-constrained\">\n<link rel=\"preconnect\" href=\"https:\/\/fried-partner.de\">\n<link rel=\"stylesheet\" href=\"https:\/\/fried-partner.de\/fonts\/futura-pt\/stylesheet.css\">\n<style>\n.fup-button {\n    display: inline-block;\n    margin-bottom: 0;\n    font-size: 14px;\n    line-height: 1.4;\n    text-align: center;\n    vertical-align: middle;\n    -ms-touch-action: manipulation;\n    touch-action: manipulation;\n    cursor: pointer;\n    -webkit-user-select: none;\n    -moz-user-select: none;\n    -ms-user-select: none;\n    user-select: none;\n    background-image: none;\n    border: 1px solid transparent;\n    border-radius: 2px;\n    color: #fff !important;\n    font-weight: 400;\n    background: #232d55;\n    border-color: #232d55;\n    padding: 13px 25px;\n    font-weight: 400;\n    text-transform: initial;\n    box-shadow: none;\n    font-family: 'futura-pt' !important;\n}\n\n    .fup-button:hover {\n        color: #333 !important;\n        background-color: #e6e6e6 !important;\n        border: 1px solid #adadad !important;\n        text-decoration: none;\n    }\n\n   .fup-button:active {\n        color: #333 !important;\n        background-color: #e6e6e6 !important;\n        border-color: #adadad;\n        outline: 0;\n        -webkit-box-shadow: inset 0 3px 5px rgba(0, 0, 0, .125);\n        box-shadow: inset 0 3px 5px rgba(0, 0, 0, .125);\n    }\n\n.wp-block-image {\nmargin: 0;\n}\n<\/style>\n<div style=\"margin: 70px 0 40px 0;\"><div style=\"\n    display: flex;\n    justify-content: space-between;\n    margin-bottom: 20px;\n    align-items: center;\n    flex-wrap: wrap;\n    gap: 20px;\n\"><h2 style=\"font-family: 'futura-pt' !important;margin: 0;font-size: 26px;\">Das k\u00f6nnte Sie auch interessieren<\/h2><a target=\"_blank\" rel=\"noopener\" href=\"https:\/\/fried-partner.de\" style=\"\n    display: flex;\n    align-content: center;\n    align-items: center;\n    gap: 10px;\n    font-family: 'futura-pt';\n    flex-wrap: wrap;\n    text-decoration: none!important;\n    font-weight: 600;\n    font-size: 14px;\n\"><span>Pr\u00e4sentiert von<\/span>\n<img decoding=\"async\" src=\"\/wp-content\/uploads\/2025\/06\/Header_Logo.svg\" style=\"width: 150px;\"><\/a><\/div><\/div>\n\n\n\n<div class=\"wp-block-columns has-background is-layout-flex wp-container-core-columns-is-layout-9d6595d7 wp-block-columns-is-layout-flex\" style=\"background-color:#e6e6e6\">\n<div class=\"wp-block-column is-layout-flow wp-block-column-is-layout-flow\">\n<div style=\"height:15px\" aria-hidden=\"true\" class=\"wp-block-spacer\"><\/div>\n\n\n\n<figure data-wp-context=\"{&quot;imageId&quot;:&quot;69e09a3eb8fb1&quot;}\" data-wp-interactive=\"core\/image\" data-wp-key=\"69e09a3eb8fb1\" class=\"wp-block-image size-large is-style-default wp-lightbox-container\"><img decoding=\"async\" data-wp-class--hide=\"state.isContentHidden\" data-wp-class--show=\"state.isContentVisible\" data-wp-init=\"callbacks.setButtonStyles\" data-wp-on--click=\"actions.showLightbox\" data-wp-on--load=\"callbacks.setButtonStyles\" data-wp-on-window--resize=\"callbacks.setButtonStyles\" src=\"https:\/\/public.tableau.com\/static\/images\/To\/TouristischerVertriebsklimaindex-poweredbyDr_FriedPartner\/TVKIpoweredbyDr_FriedPartner\/1.png\" alt=\"Grafik des Touristischen Vertriebsklima-Indexes von Dr. Fried &amp; Partner.\"\/><button\n\t\t\tclass=\"lightbox-trigger\"\n\t\t\ttype=\"button\"\n\t\t\taria-haspopup=\"dialog\"\n\t\t\taria-label=\"Enlarge\"\n\t\t\tdata-wp-init=\"callbacks.initTriggerButton\"\n\t\t\tdata-wp-on--click=\"actions.showLightbox\"\n\t\t\tdata-wp-style--right=\"state.imageButtonRight\"\n\t\t\tdata-wp-style--top=\"state.imageButtonTop\"\n\t\t>\n\t\t\t<svg xmlns=\"http:\/\/www.w3.org\/2000\/svg\" width=\"12\" height=\"12\" fill=\"none\" viewBox=\"0 0 12 12\">\n\t\t\t\t<path fill=\"#fff\" d=\"M2 0a2 2 0 0 0-2 2v2h1.5V2a.5.5 0 0 1 .5-.5h2V0H2Zm2 10.5H2a.5.5 0 0 1-.5-.5V8H0v2a2 2 0 0 0 2 2h2v-1.5ZM8 12v-1.5h2a.5.5 0 0 0 .5-.5V8H12v2a2 2 0 0 1-2 2H8Zm2-12a2 2 0 0 1 2 2v2h-1.5V2a.5.5 0 0 0-.5-.5H8V0h2Z\" \/>\n\t\t\t<\/svg>\n\t\t<\/button><\/figure>\n\n\n\n<div style=\"height:15px\" aria-hidden=\"true\" class=\"wp-block-spacer\"><\/div>\n<\/div>\n\n\n\n<div class=\"wp-block-column is-vertically-aligned-center is-layout-flow wp-block-column-is-layout-flow\">\n<div style=\"height:25px\" aria-hidden=\"true\" class=\"wp-block-spacer\"><\/div>\n\n\n\n<h3 style=\"\n    font-family: 'futura-pt' !important;\n    margin-bottom: 25px;\n    font-size: 22px;\n\">Touristischer Vertriebsklima-Index<\/h3>\n<p style=\"\n    font-family: 'futura-pt' !important;\n    margin-bottom: 35px;\n\">Seit 2005 erhebt Dr. Fried &amp; Partner monatlich den Touristischen Vertriebsklima-Index \u2013 angelehnt an den ifo-Gesch\u00e4ftsklimaindex \u2013 als Fr\u00fchindikator f\u00fcr die konjunkturelle Entwicklung und zur Analyse der Marktstimmung im station\u00e4ren und digitalen Verkauf von Urlaubsreisen.<\/p>\n<a href=\"https:\/\/www.fried-partner.de\/data-insights#tvki\" target=\"_blank\" rel=\"noopener\" title=\"Zu Dr. Fried &amp; Partner\" class=\"fup-button\">Mehr erfahren<i class=\"fa-solid fa-square-arrow-up-right\" style=\"\n    font-size: 0.8rem;\n    margin-left: 6px;\n\"><\/i><\/a>\n\n\n\n<div style=\"height:25px\" aria-hidden=\"true\" class=\"wp-block-spacer\"><\/div>\n<\/div>\n<\/div>\n\n\n\n<div class=\"wp-block-columns has-background is-layout-flex wp-container-core-columns-is-layout-9d6595d7 wp-block-columns-is-layout-flex\" style=\"background-color:#e6e6e6\">\n<div class=\"wp-block-column is-layout-flow wp-block-column-is-layout-flow\">\n<div style=\"height:15px\" aria-hidden=\"true\" class=\"wp-block-spacer\"><\/div>\n\n\n\n<figure data-wp-context=\"{&quot;imageId&quot;:&quot;69e09a3eb9c96&quot;}\" data-wp-interactive=\"core\/image\" data-wp-key=\"69e09a3eb9c96\" class=\"wp-block-image size-large wp-lightbox-container\"><img decoding=\"async\" data-wp-class--hide=\"state.isContentHidden\" data-wp-class--show=\"state.isContentVisible\" data-wp-init=\"callbacks.setButtonStyles\" data-wp-on--click=\"actions.showLightbox\" data-wp-on--load=\"callbacks.setButtonStyles\" data-wp-on-window--resize=\"callbacks.setButtonStyles\" src=\"https:\/\/public.tableau.com\/static\/images\/GT\/GTBI-poweredbyDr_FriedPartner\/GBTI-poweredbyDr_FriedPartner\/1_rss.png\" alt=\"Grafik des Global Travel Buyer Index, pr\u00e4sentiert von Dr. Fried &amp; Partner und ITB Berlin.\"\/><button\n\t\t\tclass=\"lightbox-trigger\"\n\t\t\ttype=\"button\"\n\t\t\taria-haspopup=\"dialog\"\n\t\t\taria-label=\"Enlarge\"\n\t\t\tdata-wp-init=\"callbacks.initTriggerButton\"\n\t\t\tdata-wp-on--click=\"actions.showLightbox\"\n\t\t\tdata-wp-style--right=\"state.imageButtonRight\"\n\t\t\tdata-wp-style--top=\"state.imageButtonTop\"\n\t\t>\n\t\t\t<svg xmlns=\"http:\/\/www.w3.org\/2000\/svg\" width=\"12\" height=\"12\" fill=\"none\" viewBox=\"0 0 12 12\">\n\t\t\t\t<path fill=\"#fff\" d=\"M2 0a2 2 0 0 0-2 2v2h1.5V2a.5.5 0 0 1 .5-.5h2V0H2Zm2 10.5H2a.5.5 0 0 1-.5-.5V8H0v2a2 2 0 0 0 2 2h2v-1.5ZM8 12v-1.5h2a.5.5 0 0 0 .5-.5V8H12v2a2 2 0 0 1-2 2H8Zm2-12a2 2 0 0 1 2 2v2h-1.5V2a.5.5 0 0 0-.5-.5H8V0h2Z\" \/>\n\t\t\t<\/svg>\n\t\t<\/button><\/figure>\n\n\n\n<div style=\"height:15px\" aria-hidden=\"true\" class=\"wp-block-spacer\"><\/div>\n<\/div>\n\n\n\n<div class=\"wp-block-column is-vertically-aligned-center is-layout-flow wp-block-column-is-layout-flow\">\n<div style=\"height:25px\" aria-hidden=\"true\" class=\"wp-block-spacer\"><\/div>\n\n\n\n<h3 style=\"\n    font-family: 'futura-pt' !important;\n    margin-bottom: 25px;\n    font-size: 22px;\n\">Global Travel Buyer Index<\/h3>\n<p style=\"\n    font-family: 'futura-pt' !important;\n    margin-bottom: 35px;\n\">Der Global Travel Buyer Index (GTBI) ist ein gemeinsam von Dr. Fried &#038; Partner und der ITB Berlin entwickelter Branchenindikator, der seit M\u00e4rz 2025 quartalsweise Einblicke in Einkaufsvolumen, Vertragsstrukturen und Markterwartungen internationaler Reiseeink\u00e4ufer gibt und als Fr\u00fchindikator f\u00fcr die Entwicklung des Reisemarktes dient.<\/p>\n<a href=\"https:\/\/www.fried-partner.de\/data-insights#gtbi\" target=\"_blank\" rel=\"noopener\" title=\"Zu Dr. Fried &amp; Partner\" class=\"fup-button\">Mehr erfahren<i class=\"fa-solid fa-square-arrow-up-right\" style=\"\n    font-size: 0.8rem;\n    margin-left: 6px;\n\"><\/i><\/a>\n\n\n\n<div style=\"height:25px\" aria-hidden=\"true\" class=\"wp-block-spacer\"><\/div>\n<\/div>\n<\/div>\n\n\n\n<div style=\"height:50px\" aria-hidden=\"true\" class=\"wp-block-spacer\"><\/div>\n<\/div><\/div>\n<\/div><\/div>\n","protected":false},"excerpt":{"rendered":"<p>Um den interaktiven Buchungsstand zu laden, akzeptieren Sie bitte Pr\u00e4ferenz- und Statistikcookies Cookies akzeptieren Das k\u00f6nnte Sie auch interessieren Pr\u00e4sentiert von Touristischer Vertriebsklima-Index Seit 2005 erhebt Dr. Fried &amp; Partner &#8230;<\/p>","protected":false},"author":1,"featured_media":8488,"parent":4069,"menu_order":29,"comment_status":"closed","ping_status":"closed","template":"template-fullwidth-stretched.php","meta":{"inline_featured_image":false,"footnotes":""},"class_list":["post-5300","page","type-page","status-publish","has-post-thumbnail","hentry"],"yoast_head":"<!-- This site is optimized with the Yoast SEO plugin v27.4 - https:\/\/yoast.com\/product\/yoast-seo-wordpress\/ -->\n<title>Buchungsstand &#8211; Travel Data + Analytics GmbH<\/title>\n<meta name=\"description\" content=\"Der Travel Sales Index gibt interaktiv Auskunft \u00fcber neue Buchungen. Ein weiterer wichtiger Index ist der touristische Vertriebsklimaindex.\" \/>\n<meta name=\"robots\" content=\"index, follow, max-snippet:-1, max-image-preview:large, max-video-preview:-1\" \/>\n<link rel=\"canonical\" href=\"https:\/\/traveldataanalytics.de\/en\/capabilities\/travel-sales-index\/\" \/>\n<meta property=\"og:locale\" content=\"en_GB\" \/>\n<meta property=\"og:type\" content=\"article\" \/>\n<meta property=\"og:title\" content=\"Buchungsstand &#8211; Travel Data + Analytics GmbH\" \/>\n<meta property=\"og:description\" content=\"Der Travel Sales Index gibt interaktiv Auskunft \u00fcber neue Buchungen. Ein weiterer wichtiger Index ist der touristische Vertriebsklimaindex.\" \/>\n<meta property=\"og:url\" content=\"https:\/\/traveldataanalytics.de\/en\/capabilities\/travel-sales-index\/\" \/>\n<meta property=\"og:site_name\" content=\"Travel Data + Analytics GmbH\" \/>\n<meta property=\"article:modified_time\" content=\"2026-04-01T21:53:17+00:00\" \/>\n<meta property=\"og:image\" content=\"https:\/\/traveldataanalytics.de\/wp-content\/uploads\/2023\/06\/DB-Index-Totalmarkt.png\" \/>\n\t<meta property=\"og:image:width\" content=\"3614\" \/>\n\t<meta property=\"og:image:height\" content=\"1812\" \/>\n\t<meta property=\"og:image:type\" content=\"image\/png\" \/>\n<meta name=\"twitter:card\" content=\"summary_large_image\" \/>\n<meta name=\"twitter:label1\" content=\"Estimated reading time\" \/>\n\t<meta name=\"twitter:data1\" content=\"4 minutes\" \/>\n<script type=\"application\/ld+json\" class=\"yoast-schema-graph\">{\"@context\":\"https:\\\/\\\/schema.org\",\"@graph\":[{\"@type\":\"WebPage\",\"@id\":\"https:\\\/\\\/traveldataanalytics.de\\\/leistungsspektrum\\\/buchungsstand\",\"url\":\"https:\\\/\\\/traveldataanalytics.de\\\/leistungsspektrum\\\/buchungsstand\",\"name\":\"Buchungsstand &#8211; Travel Data + Analytics GmbH\",\"isPartOf\":{\"@id\":\"https:\\\/\\\/traveldataanalytics.de\\\/#website\"},\"primaryImageOfPage\":{\"@id\":\"https:\\\/\\\/traveldataanalytics.de\\\/leistungsspektrum\\\/buchungsstand#primaryimage\"},\"image\":{\"@id\":\"https:\\\/\\\/traveldataanalytics.de\\\/leistungsspektrum\\\/buchungsstand#primaryimage\"},\"thumbnailUrl\":\"https:\\\/\\\/traveldataanalytics.de\\\/wp-content\\\/uploads\\\/2023\\\/06\\\/DB-Index-Totalmarkt.png\",\"datePublished\":\"2022-05-04T14:54:04+00:00\",\"dateModified\":\"2026-04-01T21:53:17+00:00\",\"description\":\"Der Travel Sales Index gibt interaktiv Auskunft \u00fcber neue Buchungen. Ein weiterer wichtiger Index ist der touristische Vertriebsklimaindex.\",\"breadcrumb\":{\"@id\":\"https:\\\/\\\/traveldataanalytics.de\\\/leistungsspektrum\\\/buchungsstand#breadcrumb\"},\"inLanguage\":\"en-GB\",\"potentialAction\":[{\"@type\":\"ReadAction\",\"target\":[\"https:\\\/\\\/traveldataanalytics.de\\\/leistungsspektrum\\\/buchungsstand\"]}]},{\"@type\":\"ImageObject\",\"inLanguage\":\"en-GB\",\"@id\":\"https:\\\/\\\/traveldataanalytics.de\\\/leistungsspektrum\\\/buchungsstand#primaryimage\",\"url\":\"https:\\\/\\\/traveldataanalytics.de\\\/wp-content\\\/uploads\\\/2023\\\/06\\\/DB-Index-Totalmarkt.png\",\"contentUrl\":\"https:\\\/\\\/traveldataanalytics.de\\\/wp-content\\\/uploads\\\/2023\\\/06\\\/DB-Index-Totalmarkt.png\",\"width\":3614,\"height\":1812},{\"@type\":\"BreadcrumbList\",\"@id\":\"https:\\\/\\\/traveldataanalytics.de\\\/leistungsspektrum\\\/buchungsstand#breadcrumb\",\"itemListElement\":[{\"@type\":\"ListItem\",\"position\":1,\"name\":\"Home\",\"item\":\"https:\\\/\\\/traveldataanalytics.de\\\/\"},{\"@type\":\"ListItem\",\"position\":2,\"name\":\"Leistungsspektrum\",\"item\":\"https:\\\/\\\/traveldataanalytics.de\\\/leistungsspektrum\"},{\"@type\":\"ListItem\",\"position\":3,\"name\":\"Buchungsstand\"}]},{\"@type\":\"WebSite\",\"@id\":\"https:\\\/\\\/traveldataanalytics.de\\\/#website\",\"url\":\"https:\\\/\\\/traveldataanalytics.de\\\/\",\"name\":\"Travel Data + Analytics GmbH\",\"description\":\"Die erfolgreiche Gesch\u00e4ftsentwicklung Ihres Unternehmens ist unsere Mission.\",\"publisher\":{\"@id\":\"https:\\\/\\\/traveldataanalytics.de\\\/#organization\"},\"alternateName\":\"TDA\",\"potentialAction\":[{\"@type\":\"SearchAction\",\"target\":{\"@type\":\"EntryPoint\",\"urlTemplate\":\"https:\\\/\\\/traveldataanalytics.de\\\/?s={search_term_string}\"},\"query-input\":{\"@type\":\"PropertyValueSpecification\",\"valueRequired\":true,\"valueName\":\"search_term_string\"}}],\"inLanguage\":\"en-GB\"},{\"@type\":\"Organization\",\"@id\":\"https:\\\/\\\/traveldataanalytics.de\\\/#organization\",\"name\":\"Travel Data + Analytics GmbH\",\"alternateName\":\"TDA\",\"url\":\"https:\\\/\\\/traveldataanalytics.de\\\/\",\"logo\":{\"@type\":\"ImageObject\",\"inLanguage\":\"en-GB\",\"@id\":\"https:\\\/\\\/traveldataanalytics.de\\\/#\\\/schema\\\/logo\\\/image\\\/\",\"url\":\"https:\\\/\\\/traveldataanalytics.de\\\/wp-content\\\/uploads\\\/2019\\\/07\\\/crop-e1563634024111.png\",\"contentUrl\":\"https:\\\/\\\/traveldataanalytics.de\\\/wp-content\\\/uploads\\\/2019\\\/07\\\/crop-e1563634024111.png\",\"width\":1323,\"height\":496,\"caption\":\"Travel Data + Analytics GmbH\"},\"image\":{\"@id\":\"https:\\\/\\\/traveldataanalytics.de\\\/#\\\/schema\\\/logo\\\/image\\\/\"}}]}<\/script>\n<!-- \/ Yoast SEO plugin. -->","yoast_head_json":{"title":"Buchungsstand &#8211; Travel Data + Analytics GmbH","description":"Der Travel Sales Index gibt interaktiv Auskunft \u00fcber neue Buchungen. Ein weiterer wichtiger Index ist der touristische Vertriebsklimaindex.","robots":{"index":"index","follow":"follow","max-snippet":"max-snippet:-1","max-image-preview":"max-image-preview:large","max-video-preview":"max-video-preview:-1"},"canonical":"https:\/\/traveldataanalytics.de\/en\/capabilities\/travel-sales-index\/","og_locale":"en_GB","og_type":"article","og_title":"Buchungsstand &#8211; Travel Data + Analytics GmbH","og_description":"Der Travel Sales Index gibt interaktiv Auskunft \u00fcber neue Buchungen. Ein weiterer wichtiger Index ist der touristische Vertriebsklimaindex.","og_url":"https:\/\/traveldataanalytics.de\/en\/capabilities\/travel-sales-index\/","og_site_name":"Travel Data + Analytics GmbH","article_modified_time":"2026-04-01T21:53:17+00:00","og_image":[{"width":3614,"height":1812,"url":"https:\/\/traveldataanalytics.de\/wp-content\/uploads\/2023\/06\/DB-Index-Totalmarkt.png","type":"image\/png"}],"twitter_card":"summary_large_image","twitter_misc":{"Estimated reading time":"4 minutes"},"schema":{"@context":"https:\/\/schema.org","@graph":[{"@type":"WebPage","@id":"https:\/\/traveldataanalytics.de\/leistungsspektrum\/buchungsstand","url":"https:\/\/traveldataanalytics.de\/leistungsspektrum\/buchungsstand","name":"Buchungsstand &#8211; Travel Data + Analytics GmbH","isPartOf":{"@id":"https:\/\/traveldataanalytics.de\/#website"},"primaryImageOfPage":{"@id":"https:\/\/traveldataanalytics.de\/leistungsspektrum\/buchungsstand#primaryimage"},"image":{"@id":"https:\/\/traveldataanalytics.de\/leistungsspektrum\/buchungsstand#primaryimage"},"thumbnailUrl":"https:\/\/traveldataanalytics.de\/wp-content\/uploads\/2023\/06\/DB-Index-Totalmarkt.png","datePublished":"2022-05-04T14:54:04+00:00","dateModified":"2026-04-01T21:53:17+00:00","description":"Der Travel Sales Index gibt interaktiv Auskunft \u00fcber neue Buchungen. Ein weiterer wichtiger Index ist der touristische Vertriebsklimaindex.","breadcrumb":{"@id":"https:\/\/traveldataanalytics.de\/leistungsspektrum\/buchungsstand#breadcrumb"},"inLanguage":"en-GB","potentialAction":[{"@type":"ReadAction","target":["https:\/\/traveldataanalytics.de\/leistungsspektrum\/buchungsstand"]}]},{"@type":"ImageObject","inLanguage":"en-GB","@id":"https:\/\/traveldataanalytics.de\/leistungsspektrum\/buchungsstand#primaryimage","url":"https:\/\/traveldataanalytics.de\/wp-content\/uploads\/2023\/06\/DB-Index-Totalmarkt.png","contentUrl":"https:\/\/traveldataanalytics.de\/wp-content\/uploads\/2023\/06\/DB-Index-Totalmarkt.png","width":3614,"height":1812},{"@type":"BreadcrumbList","@id":"https:\/\/traveldataanalytics.de\/leistungsspektrum\/buchungsstand#breadcrumb","itemListElement":[{"@type":"ListItem","position":1,"name":"Home","item":"https:\/\/traveldataanalytics.de\/"},{"@type":"ListItem","position":2,"name":"Leistungsspektrum","item":"https:\/\/traveldataanalytics.de\/leistungsspektrum"},{"@type":"ListItem","position":3,"name":"Buchungsstand"}]},{"@type":"WebSite","@id":"https:\/\/traveldataanalytics.de\/#website","url":"https:\/\/traveldataanalytics.de\/","name":"Travel Data + Analytics GmbH","description":"Die erfolgreiche Gesch\u00e4ftsentwicklung Ihres Unternehmens ist unsere Mission.","publisher":{"@id":"https:\/\/traveldataanalytics.de\/#organization"},"alternateName":"TDA","potentialAction":[{"@type":"SearchAction","target":{"@type":"EntryPoint","urlTemplate":"https:\/\/traveldataanalytics.de\/?s={search_term_string}"},"query-input":{"@type":"PropertyValueSpecification","valueRequired":true,"valueName":"search_term_string"}}],"inLanguage":"en-GB"},{"@type":"Organization","@id":"https:\/\/traveldataanalytics.de\/#organization","name":"Travel Data + Analytics GmbH","alternateName":"TDA","url":"https:\/\/traveldataanalytics.de\/","logo":{"@type":"ImageObject","inLanguage":"en-GB","@id":"https:\/\/traveldataanalytics.de\/#\/schema\/logo\/image\/","url":"https:\/\/traveldataanalytics.de\/wp-content\/uploads\/2019\/07\/crop-e1563634024111.png","contentUrl":"https:\/\/traveldataanalytics.de\/wp-content\/uploads\/2019\/07\/crop-e1563634024111.png","width":1323,"height":496,"caption":"Travel Data + Analytics GmbH"},"image":{"@id":"https:\/\/traveldataanalytics.de\/#\/schema\/logo\/image\/"}}]}},"jetpack_sharing_enabled":true,"_links":{"self":[{"href":"https:\/\/traveldataanalytics.de\/en\/wp-json\/wp\/v2\/pages\/5300","targetHints":{"allow":["GET"]}}],"collection":[{"href":"https:\/\/traveldataanalytics.de\/en\/wp-json\/wp\/v2\/pages"}],"about":[{"href":"https:\/\/traveldataanalytics.de\/en\/wp-json\/wp\/v2\/types\/page"}],"author":[{"embeddable":true,"href":"https:\/\/traveldataanalytics.de\/en\/wp-json\/wp\/v2\/users\/1"}],"replies":[{"embeddable":true,"href":"https:\/\/traveldataanalytics.de\/en\/wp-json\/wp\/v2\/comments?post=5300"}],"version-history":[{"count":154,"href":"https:\/\/traveldataanalytics.de\/en\/wp-json\/wp\/v2\/pages\/5300\/revisions"}],"predecessor-version":[{"id":13170,"href":"https:\/\/traveldataanalytics.de\/en\/wp-json\/wp\/v2\/pages\/5300\/revisions\/13170"}],"up":[{"embeddable":true,"href":"https:\/\/traveldataanalytics.de\/en\/wp-json\/wp\/v2\/pages\/4069"}],"wp:featuredmedia":[{"embeddable":true,"href":"https:\/\/traveldataanalytics.de\/en\/wp-json\/wp\/v2\/media\/8488"}],"wp:attachment":[{"href":"https:\/\/traveldataanalytics.de\/en\/wp-json\/wp\/v2\/media?parent=5300"}],"curies":[{"name":"wp","href":"https:\/\/api.w.org\/{rel}","templated":true}]}}