{"id":50,"date":"2019-07-20T13:58:23","date_gmt":"2019-07-20T13:58:23","guid":{"rendered":"http:\/\/beta.traveldataanalytics.com\/?page_id=50"},"modified":"2023-03-01T17:25:24","modified_gmt":"2023-03-01T16:25:24","slug":"imprint","status":"publish","type":"page","link":"https:\/\/traveldataanalytics.de\/en\/impressum","title":{"rendered":"Imprint"},"content":{"rendered":"<h3 class=\"wp-block-heading\" id=\"angaben-gemass-5-tmg\">Information according to \u00a7 5 TMG:<\/h3>\n\n\n\n<p>Travel Data + Analytics GmbH<br>Schweppermannstr. 66<br>D-90408 Nuremberg, Germany<\/p>\n\n\n\n<p>Represented by: Dr. Markus Heller<br>Munich Local Court, HRB 244827<br>USt.-IdNr.: DE322414143<\/p>\n\n\n\n<div style=\"height:40px\" aria-hidden=\"true\" class=\"wp-block-spacer\"><\/div>\n\n\n\n<h3 class=\"wp-block-heading\" id=\"kontakt\">Contact:<\/h3>\n\n\n\n<i class=\"fa-solid fa-phone\" style=\"margin-right: 10px;\" aria-hidden=\"true\"><\/i><a href=\"tel:+49 911 951 510 00\">+49 (0)911 951 510 00<\/a>\n<br>\n<i class=\"fa-solid fa-envelope\" style=\"margin-right: 10px;\" aria-hidden=\"true\"><\/i><a class=\"\" href=\"mailto:info@traveldataanalytics.de\">info@traveldataanalytics.de<\/a>\n<br>\n<i class=\"fa-solid fa-globe\" style=\"margin-right: 10px;\" aria-hidden=\"true\"><\/i><a class=\"\" href=\"https:\/\/traveldataanalytics.de\/en\/\">www.traveldataanalytics.de<\/a>\n\n\n\n<div style=\"height:40px\" aria-hidden=\"true\" class=\"wp-block-spacer\"><\/div>\n\n\n\n<h3 class=\"wp-block-heading\" id=\"haftung-fur-inhalte\">Liability for content<\/h3>\n\n\n\n<p class=\"has-text-align-justify\">As a service provider, we are responsible for our own content on these pages according to \u00a7 7 Abs.1 TMG (German Telemedia Act).\nresponsible for the content of this website. According to \u00a7\u00a7 8 to 10 TMG we are not responsible as a service provider for the contents of these pages.\nto monitor transmitted or stored third-party information or, according to the circumstances, to monitor such information\nto conduct research that indicates illegal activity.<\/p>\n\n\n\n<p class=\"has-text-align-justify\">Obligations to remove or block the use of information in accordance with the general terms and conditions of use.\nLaws remain unaffected by this. A liability in this regard is however only valid from the date of the\nKnowledge of a concrete infringement possible. Upon becoming aware of corresponding\nWe will remove these contents immediately if they violate the law.<\/p>\n\n\n\n<div style=\"height:40px\" aria-hidden=\"true\" class=\"wp-block-spacer\"><\/div>\n\n\n\n<h3 class=\"wp-block-heading\" id=\"haftung-fur-links\">Liability for links<\/h3>\n\n\n\n<p class=\"has-text-align-justify\">Our offer contains links to external websites of third parties on whose contents we have no influence.\nTherefore, we cannot assume any liability for these external contents. For the contents of the\nThe respective provider or operator of the pages is always responsible for the content of linked pages. The linked\npages were checked for possible violations of the law at the time of linking. Illegal\nContents were not recognizable at the time of linking.<\/p>\n\n\n\n<p class=\"has-text-align-justify\">However, a permanent control of the contents of the linked pages is not possible without concrete clues of a\nViolation of rights unreasonable. If we become aware of any violations of the law, we will remove such links from our website.\nimmediately.<\/p>\n\n\n\n<div style=\"height:40px\" aria-hidden=\"true\" class=\"wp-block-spacer\"><\/div>\n\n\n\n<h3 class=\"wp-block-heading\" id=\"urheberrecht\">Copyright<\/h3>\n\n\n\n<p class=\"has-text-align-justify\">The contents and works on these pages created by the site operators are subject to the German Copyright Act.\nCopyright. Duplication, processing, distribution and any form of commercialization of such material beyond the scope of the copyright law shall\nThe author is not responsible for any contents linked or referred to from his pages \u2013 unless he has full knowledge of illegal contents and would be able to prevent the visitors of his site fromviewing those pages.\nOriginator. Downloads and copies of this site are for private, non-commercial use only.\npermitted.<\/p>\n\n\n\n<p class=\"has-text-align-justify\">Insofar as the content on this site was not created by the operator, the copyrights of third parties are protected.\nis observed. In particular, contents of third parties are marked as such. Should you nevertheless refer to a\nIf you become aware of any infringement of copyright, please inform us accordingly. With\nWe will immediately remove such content if we become aware of any violations of the law.<\/p>","protected":false},"excerpt":{"rendered":"<p>Angaben gem\u00e4\u00df \u00a7 5 TMG: Travel Data + Analytics GmbHSchweppermannstr. 66D-90408 N\u00fcrnberg Gesch\u00e4ftsf\u00fchrer: Dr. Markus HellerAmtsgericht M\u00fcnchen, HRB 244827USt.-IdNr.: DE322414143 Kontakt: +49 (0)911 951 510 00 info@traveldataanalytics.de www.traveldataanalytics.de Haftung f\u00fcr &#8230;<\/p>","protected":false},"author":1,"featured_media":0,"parent":0,"menu_order":38,"comment_status":"closed","ping_status":"closed","template":"","meta":{"inline_featured_image":false,"footnotes":""},"class_list":["post-50","page","type-page","status-publish","hentry"],"yoast_head":"<!-- This site is optimized with the Yoast SEO plugin v27.4 - https:\/\/yoast.com\/product\/yoast-seo-wordpress\/ -->\n<title>Impressum &#8211; Travel Data + Analytics GmbH<\/title>\n<meta name=\"robots\" content=\"index, follow, max-snippet:-1, max-image-preview:large, max-video-preview:-1\" \/>\n<link rel=\"canonical\" href=\"https:\/\/traveldataanalytics.de\/en\/imprint\/\" \/>\n<meta property=\"og:locale\" content=\"en_GB\" \/>\n<meta property=\"og:type\" content=\"article\" \/>\n<meta property=\"og:title\" content=\"Impressum &#8211; Travel Data + Analytics GmbH\" \/>\n<meta property=\"og:description\" content=\"Angaben gem\u00e4\u00df \u00a7 5 TMG: Travel Data + Analytics GmbHSchweppermannstr. 66D-90408 N\u00fcrnberg Gesch\u00e4ftsf\u00fchrer: Dr. Markus HellerAmtsgericht M\u00fcnchen, HRB 244827USt.-IdNr.: DE322414143 Kontakt: +49 (0)911 951 510 00 info@traveldataanalytics.de www.traveldataanalytics.de Haftung f\u00fcr ...\" \/>\n<meta property=\"og:url\" content=\"https:\/\/traveldataanalytics.de\/en\/imprint\/\" \/>\n<meta property=\"og:site_name\" content=\"Travel Data + Analytics GmbH\" \/>\n<meta property=\"article:modified_time\" content=\"2023-03-01T16:25:24+00:00\" \/>\n<meta name=\"twitter:card\" content=\"summary_large_image\" \/>\n<meta name=\"twitter:label1\" content=\"Estimated reading time\" \/>\n\t<meta name=\"twitter:data1\" content=\"2 minutes\" \/>\n<script type=\"application\/ld+json\" class=\"yoast-schema-graph\">{\"@context\":\"https:\\\/\\\/schema.org\",\"@graph\":[{\"@type\":\"WebPage\",\"@id\":\"https:\\\/\\\/traveldataanalytics.de\\\/impressum\",\"url\":\"https:\\\/\\\/traveldataanalytics.de\\\/impressum\",\"name\":\"Impressum &#8211; Travel Data + Analytics GmbH\",\"isPartOf\":{\"@id\":\"https:\\\/\\\/traveldataanalytics.de\\\/#website\"},\"datePublished\":\"2019-07-20T13:58:23+00:00\",\"dateModified\":\"2023-03-01T16:25:24+00:00\",\"breadcrumb\":{\"@id\":\"https:\\\/\\\/traveldataanalytics.de\\\/impressum#breadcrumb\"},\"inLanguage\":\"en-GB\",\"potentialAction\":[{\"@type\":\"ReadAction\",\"target\":[\"https:\\\/\\\/traveldataanalytics.de\\\/impressum\"]}]},{\"@type\":\"BreadcrumbList\",\"@id\":\"https:\\\/\\\/traveldataanalytics.de\\\/impressum#breadcrumb\",\"itemListElement\":[{\"@type\":\"ListItem\",\"position\":1,\"name\":\"Home\",\"item\":\"https:\\\/\\\/traveldataanalytics.de\\\/\"},{\"@type\":\"ListItem\",\"position\":2,\"name\":\"Impressum\"}]},{\"@type\":\"WebSite\",\"@id\":\"https:\\\/\\\/traveldataanalytics.de\\\/#website\",\"url\":\"https:\\\/\\\/traveldataanalytics.de\\\/\",\"name\":\"Travel Data + Analytics GmbH\",\"description\":\"Die erfolgreiche Gesch\u00e4ftsentwicklung Ihres Unternehmens ist unsere Mission.\",\"publisher\":{\"@id\":\"https:\\\/\\\/traveldataanalytics.de\\\/#organization\"},\"alternateName\":\"TDA\",\"potentialAction\":[{\"@type\":\"SearchAction\",\"target\":{\"@type\":\"EntryPoint\",\"urlTemplate\":\"https:\\\/\\\/traveldataanalytics.de\\\/?s={search_term_string}\"},\"query-input\":{\"@type\":\"PropertyValueSpecification\",\"valueRequired\":true,\"valueName\":\"search_term_string\"}}],\"inLanguage\":\"en-GB\"},{\"@type\":\"Organization\",\"@id\":\"https:\\\/\\\/traveldataanalytics.de\\\/#organization\",\"name\":\"Travel Data + Analytics GmbH\",\"alternateName\":\"TDA\",\"url\":\"https:\\\/\\\/traveldataanalytics.de\\\/\",\"logo\":{\"@type\":\"ImageObject\",\"inLanguage\":\"en-GB\",\"@id\":\"https:\\\/\\\/traveldataanalytics.de\\\/#\\\/schema\\\/logo\\\/image\\\/\",\"url\":\"https:\\\/\\\/traveldataanalytics.de\\\/wp-content\\\/uploads\\\/2019\\\/07\\\/crop-e1563634024111.png\",\"contentUrl\":\"https:\\\/\\\/traveldataanalytics.de\\\/wp-content\\\/uploads\\\/2019\\\/07\\\/crop-e1563634024111.png\",\"width\":1323,\"height\":496,\"caption\":\"Travel Data + Analytics GmbH\"},\"image\":{\"@id\":\"https:\\\/\\\/traveldataanalytics.de\\\/#\\\/schema\\\/logo\\\/image\\\/\"}}]}<\/script>\n<!-- \/ Yoast SEO plugin. -->","yoast_head_json":{"title":"Impressum &#8211; Travel Data + Analytics GmbH","robots":{"index":"index","follow":"follow","max-snippet":"max-snippet:-1","max-image-preview":"max-image-preview:large","max-video-preview":"max-video-preview:-1"},"canonical":"https:\/\/traveldataanalytics.de\/en\/imprint\/","og_locale":"en_GB","og_type":"article","og_title":"Impressum &#8211; Travel Data + Analytics GmbH","og_description":"Angaben gem\u00e4\u00df \u00a7 5 TMG: Travel Data + Analytics GmbHSchweppermannstr. 66D-90408 N\u00fcrnberg Gesch\u00e4ftsf\u00fchrer: Dr. Markus HellerAmtsgericht M\u00fcnchen, HRB 244827USt.-IdNr.: DE322414143 Kontakt: +49 (0)911 951 510 00 info@traveldataanalytics.de www.traveldataanalytics.de Haftung f\u00fcr ...","og_url":"https:\/\/traveldataanalytics.de\/en\/imprint\/","og_site_name":"Travel Data + Analytics GmbH","article_modified_time":"2023-03-01T16:25:24+00:00","twitter_card":"summary_large_image","twitter_misc":{"Estimated reading time":"2 minutes"},"schema":{"@context":"https:\/\/schema.org","@graph":[{"@type":"WebPage","@id":"https:\/\/traveldataanalytics.de\/impressum","url":"https:\/\/traveldataanalytics.de\/impressum","name":"Impressum &#8211; Travel Data + Analytics GmbH","isPartOf":{"@id":"https:\/\/traveldataanalytics.de\/#website"},"datePublished":"2019-07-20T13:58:23+00:00","dateModified":"2023-03-01T16:25:24+00:00","breadcrumb":{"@id":"https:\/\/traveldataanalytics.de\/impressum#breadcrumb"},"inLanguage":"en-GB","potentialAction":[{"@type":"ReadAction","target":["https:\/\/traveldataanalytics.de\/impressum"]}]},{"@type":"BreadcrumbList","@id":"https:\/\/traveldataanalytics.de\/impressum#breadcrumb","itemListElement":[{"@type":"ListItem","position":1,"name":"Home","item":"https:\/\/traveldataanalytics.de\/"},{"@type":"ListItem","position":2,"name":"Impressum"}]},{"@type":"WebSite","@id":"https:\/\/traveldataanalytics.de\/#website","url":"https:\/\/traveldataanalytics.de\/","name":"Travel Data + Analytics GmbH","description":"Die erfolgreiche Gesch\u00e4ftsentwicklung Ihres Unternehmens ist unsere Mission.","publisher":{"@id":"https:\/\/traveldataanalytics.de\/#organization"},"alternateName":"TDA","potentialAction":[{"@type":"SearchAction","target":{"@type":"EntryPoint","urlTemplate":"https:\/\/traveldataanalytics.de\/?s={search_term_string}"},"query-input":{"@type":"PropertyValueSpecification","valueRequired":true,"valueName":"search_term_string"}}],"inLanguage":"en-GB"},{"@type":"Organization","@id":"https:\/\/traveldataanalytics.de\/#organization","name":"Travel Data + Analytics GmbH","alternateName":"TDA","url":"https:\/\/traveldataanalytics.de\/","logo":{"@type":"ImageObject","inLanguage":"en-GB","@id":"https:\/\/traveldataanalytics.de\/#\/schema\/logo\/image\/","url":"https:\/\/traveldataanalytics.de\/wp-content\/uploads\/2019\/07\/crop-e1563634024111.png","contentUrl":"https:\/\/traveldataanalytics.de\/wp-content\/uploads\/2019\/07\/crop-e1563634024111.png","width":1323,"height":496,"caption":"Travel Data + Analytics GmbH"},"image":{"@id":"https:\/\/traveldataanalytics.de\/#\/schema\/logo\/image\/"}}]}},"jetpack_sharing_enabled":true,"_links":{"self":[{"href":"https:\/\/traveldataanalytics.de\/en\/wp-json\/wp\/v2\/pages\/50","targetHints":{"allow":["GET"]}}],"collection":[{"href":"https:\/\/traveldataanalytics.de\/en\/wp-json\/wp\/v2\/pages"}],"about":[{"href":"https:\/\/traveldataanalytics.de\/en\/wp-json\/wp\/v2\/types\/page"}],"author":[{"embeddable":true,"href":"https:\/\/traveldataanalytics.de\/en\/wp-json\/wp\/v2\/users\/1"}],"replies":[{"embeddable":true,"href":"https:\/\/traveldataanalytics.de\/en\/wp-json\/wp\/v2\/comments?post=50"}],"version-history":[{"count":6,"href":"https:\/\/traveldataanalytics.de\/en\/wp-json\/wp\/v2\/pages\/50\/revisions"}],"predecessor-version":[{"id":7754,"href":"https:\/\/traveldataanalytics.de\/en\/wp-json\/wp\/v2\/pages\/50\/revisions\/7754"}],"wp:attachment":[{"href":"https:\/\/traveldataanalytics.de\/en\/wp-json\/wp\/v2\/media?parent=50"}],"curies":[{"name":"wp","href":"https:\/\/api.w.org\/{rel}","templated":true}]}}