{"id":4071,"date":"2022-01-29T15:41:04","date_gmt":"2022-01-29T14:41:04","guid":{"rendered":"https:\/\/traveldataanalytics.de\/?page_id=4071"},"modified":"2024-02-20T15:22:07","modified_gmt":"2024-02-20T14:22:07","slug":"our-services","status":"publish","type":"page","link":"https:\/\/traveldataanalytics.de\/en\/leistungsspektrum\/unsere-services","title":{"rendered":"Our services"},"content":{"rendered":"\n<p class=\"has-text-align-justify\">Valide Marktdaten \u2013 messbare Fakten \u2013 sind die Basis, um die Produkt-, Destinationen- oder Flugplanung genau auf den Absatzmarkt abzustimmen und die eigene Preisgestaltung und Vertriebssteuerung zu optimieren. Wir beantworten Ihre Fragestellungen ganz gezielt mit ma\u00dfgeschneiderten Analysen oder Sie nutzen einen unserer zahlreichen vordefinierten Marktberichte, die eine objektive Einordnung Ihrer Performance im Vergleich zum Markt erm\u00f6glichen.<\/p>\n\n\n\n<p class=\"has-text-align-justify\">Travel Data + Analytics (TDA) hat mit seiner Gr\u00fcndung das vom N\u00fcrnberger Marktforschungsunternehmen GfK seit 2004 gef\u00fchrte Reisevertriebspanel \u00fcbernommen. Nach einer \u00dcberf\u00fchrung der GfK-Daten in eine neue IT-Landschaft wurde Travel Intelligence als eigenst\u00e4ndige L\u00f6sung mit selbstlernender Datenbank und zugeh\u00f6rigem Analyse-Tool aufgesetzt.&nbsp;Mit den erfassten Rohdaten von Reiseb\u00fcros sowie zahlreichen Onlineportalen der Reiseveranstalter und sogenannten Online Travel Agencies (OTAs) wird ein repr\u00e4sentatives Abbild f\u00fcr den deutschen Veranstaltermarkt berechnet und zu konkret anwendbarem Marktwissen verdichtet.&nbsp;Die Anforderungen von touristischen Unternehmen an ein modernes Steuerungsinstrument und sich weiterentwickelnde, vermehrt dynamische Fragestellungen k\u00f6nnen damit sicher und zeitnah abgebildet werden, ohne den Kern einer marktrepr\u00e4sentativen, \u00fcber den Zeitverlauf durchg\u00e4ngig vergleichbaren Methode aufzugeben.<\/p>\n\n\n\n<div style=\"height:25px\" aria-hidden=\"true\" class=\"wp-block-spacer\"><\/div>\n\n\n\n<h2 class=\"wp-block-heading has-medium-font-size\">Datenquelle<\/h2>\n\n\n\n<p class=\"has-text-align-justify\">In der Datenbank von Travel Intelligence werden tagesgenau die Buchungsdaten aus einer konstanten Stichprobe von touristischen Vertriebsstellen \u00fcber die angeschlossenen Reservierungs- und Mid-Office-Systemen gespeichert. Die Rohdaten&nbsp;&nbsp;aus unterschiedlichsten Quellen und Formaten standardisieren, plausibilisieren und normieren wir in einer Weise, dass die Buchungsdaten von allen Vertriebsstellen vereinheitlicht f\u00fcr Gesamtmarktbetrachtungen miteinander verglichen werden k\u00f6nnen. F\u00fcr jeweils eine Berichtswoche bereiten wir die mit der Buchung f\u00fcr eine geplante Reise best\u00e4tigten Merkmale in einer Kombination von big data \/ machine learning Algorythmen, sowie langj\u00e4hrig bew\u00e4hrter statistischer Hochrechnungsmethoden zu einem repr\u00e4sentativen Gesamtmarkt auf.<\/p>\n\n\n\n<p class=\"has-text-align-justify\">Mit dem seit vielen Jahren erprobten Verfahren in Kombination mit modernster Technologie und IT stellen wir sicher, dass unsere Ergebnisberichte mit den aus den verschiedenen Vertriebskan\u00e4le (station\u00e4re Reiseb\u00fcros, Online-Reiseportalen und mobiler Vertrieb) gewonnenen unstrukturierten Rohdaten den Markt der Reiseveranstalter und OTA\u00b4s sehr genau abbilden und die Analyseergebnisse vor allem auch objektiv vergleichbar sind.<\/p>\n\n\n\n<p class=\"has-text-align-justify\">TDA bringt Transparenz in die aktuelle Buchungslage, wobei besonders hohe Anforderungen an die statistische Belastbarkeit und Qualit\u00e4t zu den berichteten Buchungstrends erf\u00fcllt werden.<\/p>\n\n\n\n<div style=\"height:25px\" aria-hidden=\"true\" class=\"wp-block-spacer\"><\/div>\n\n\n\n<h2 class=\"wp-block-heading has-medium-font-size\">Vordefinierte Marktberichte<\/h2>\n\n\n\n<p class=\"has-text-align-justify\">F\u00fcr wesentliche Marktteilnehmer der Reiseindustrie halten wir ein breites Spektrum an vordefinierten Marktberichten und Analysel\u00f6sungen vor. Mit diesen Berichten stellen wir sicher, dass f\u00fcr die wichtigsten Fragestellungen sehr kurzfristig die passenden Antworten parat halten.<\/p>\n\n\n\n<p class=\"has-text-align-justify\">So erfahren Reiseveranstalter beispielsweise alles \u00fcber Marktvolumina und Marktanteile, Flugh\u00e4fen erkennen anhand der Bodenabwanderung nicht ausgesch\u00f6pfte Potenziale und Destinationen erhalten mit den aktuellen Vorausbuchungen f\u00fcr die kommende Saison wertvolle Impulse zur Steuerung ihrer Vertriebs- und Vermarktungsaktivit\u00e4ten.&nbsp;<\/p>\n\n\n\n<div style=\"height:25px\" aria-hidden=\"true\" class=\"wp-block-spacer\"><\/div>\n\n\n\n<h2 class=\"wp-block-heading has-text-align-left has-medium-font-size\" id=\"die-aus-unserer-sicht-wichtigsten-fragestellungen-fur-die-wir-antworten-parat-halten-sind\">Die aus unserer Sicht wichtigsten Fragestellungen, f\u00fcr die wir Antworten parat halten sind:<\/h2>\n\n\n\n<div style=\"height:30px\" aria-hidden=\"true\" class=\"wp-block-spacer\"><\/div>\n\n\n<div class='white' style='background:rgba(0,0,0,0); border:solid 0px rgba(0,0,0,0); border-radius:0px; padding:10px 0px 10px 0px;'>\n<div id='team_slider' class='owl-carousel sa_owl_theme ' data-slider-id='team_slider' style='visibility:hidden;'>\n<div id='team_slider_slide01' class='sa_hover_container' style='padding:0% 0%; margin:0px 5%; background-color:rgb(239, 239, 239); '><div class='sa_hover_fullslide'><a class='sa_slide_link_icon' href='https:\/\/traveldataanalytics.de\/wp-content\/uploads\/2022\/01\/2021_TDA-Produktblatt_allg.pdf' target='_blank' title='' aria-label=''><\/a><\/div>\n<div>\r\n<img decoding=\"async\" src=\"https:\/\/traveldataanalytics.de\/wp-content\/uploads\/2022\/01\/TDA-GRAFIK-1.jpg\">\r\n<div style=\"padding: 10%\">\r\n<h3>Gesamtmarkt<\/h3>\r\n<p>Wie gro\u00df ist das w\u00f6chentliche Umsatzvolumen?<\/p>\r\n<p>Wie performt gerade die Reiseindustrie im Vergleich zu Referenzperioden?<\/p>\r\n<p>Welcher Buchungskanal, welches Produkt oder welches Reiseziel erfreut sich besonderer Beliebtheit und wird \u00fcberdurchschnittlich gebucht? <\/p>\r\n<\/div>\r\n<\/div><\/div>\n<div id='team_slider_slide02' class='sa_hover_container' style='padding:0% 0%; margin:0px 5%; background-color:rgb(239, 239, 239); '><div class='sa_hover_fullslide'><a class='sa_slide_link_icon' href='https:\/\/traveldataanalytics.de\/wp-content\/uploads\/2022\/01\/2021_TDA-Produktblatt_allg.pdf' target='_blank' title='' aria-label=''><\/a><\/div>\n<div>\r\n<img decoding=\"async\" src=\"https:\/\/traveldataanalytics.de\/wp-content\/uploads\/2022\/01\/TDA-GRAFIK-2.jpg\">\r\n<div style=\"padding: 10%\">\r\n<h3>Saisonaler Markttrend<\/h3>\r\n<p>Was bedeutet der aktuelle Buchungseingang hinsichtlich des Buchungsstandes f\u00fcr zuk\u00fcnftige Abreisezeitr\u00e4ume?<\/p>\r\n<p>Wie ist der Buchungseingang, der bereinigte Buchungsstand und der F\u00fcllgrad f\u00fcr die n\u00e4chste Saison?<\/p>\r\n<p>Kann sich ein Marktteilnehmer oder Produkt besonders gut behaupten?<\/p>\r\n<\/div>\r\n<\/div><\/div>\n<div id='team_slider_slide03' class='sa_hover_container' style='padding:0% 0%; margin:0px 5%; background-color:rgb(239, 239, 239); '><div class='sa_hover_fullslide'><a class='sa_slide_link_icon' href='https:\/\/traveldataanalytics.de\/wp-content\/uploads\/2022\/01\/2021_TDA-Produktblatt_allg.pdf' target='_blank' title='' aria-label=''><\/a><\/div>\n<div>\r\n<img decoding=\"async\" src=\"https:\/\/traveldataanalytics.de\/wp-content\/uploads\/2022\/01\/TDA-GRAFIK-4.jpg\">\r\n<div style=\"padding: 10%\">\r\n<h3>Produktrelevanz<\/h3>\r\n<p>Wie stimulieren oder d\u00e4mpfen Kurzzeiteffekte den Neubuchungseingang hinsichtlich der gebuchten Destinationen, Produkte oder Reiseveranstalter?<\/p>\r\n<p>Wie beeinflussen externe Ereignisse die durchschnittliche Vorausbuchungsfrist?<\/p>\r\n<\/div>\r\n<\/div><\/div>\n<div id='team_slider_slide04' class='sa_hover_container' style='padding:0% 0%; margin:0px 5%; background-color:rgb(239, 239, 239); '><div class='sa_hover_fullslide'><a class='sa_slide_link_icon' href='https:\/\/traveldataanalytics.de\/wp-content\/uploads\/2022\/01\/2021_TDA-Produktblatt_allg.pdf' target='_blank' title='' aria-label=''><\/a><\/div>\n<div>\r\n<img decoding=\"async\" src=\"https:\/\/traveldataanalytics.de\/wp-content\/uploads\/2022\/01\/TDA-GRAFIK-6.jpg\">\r\n<div style=\"padding: 10%\">\r\n<h3>Performance der Leistungserbringer<\/h3>\r\n<p>Welcher Reiseveranstalter steigert sein Verkaufsvolumen \u00fcberdurchschnittlich?<\/p>\r\n<p>Mit welchem Produkt gelingt die Steigerung?<\/p>\r\n<p>Welcher Airline, Abflughafen oder Hotelkette profitiert gerade besonders?<\/p>\r\n<\/div>\r\n<\/div><\/div>\n<div id='team_slider_slide05' class='sa_hover_container' style='padding:0% 0%; margin:0px 5%; background-color:rgb(239, 239, 239); '><div class='sa_hover_fullslide'><a class='sa_slide_link_icon' href='https:\/\/traveldataanalytics.de\/wp-content\/uploads\/2022\/01\/2021_TDA-Produktblatt_price.pdf' target='_blank' title='' aria-label=''><\/a><\/div>\n<div>\r\n<img decoding=\"async\" src=\"https:\/\/traveldataanalytics.de\/wp-content\/uploads\/2022\/01\/TDA-GRAFIK-5.jpg\">\r\n<div style=\"padding: 10%\">\r\n<h3>Preisanalysen<\/h3>\r\n<p>Zu welchem Preis werden zurzeit ausgew\u00e4hlten Hotelangebote gebucht?<\/p>\r\n<p>Wo liegt mein Angebot preislich im Vergleich zum Wettbewerb?<\/p>\r\n<p>Welche Ver\u00e4nderung im Neubuchungseingang ist zu erwarten, wenn der Preis um einen bestimmten Betrag ver\u00e4ndert wird?<\/p>\r\n<\/div>\r\n<\/div><\/div>\n<div id='team_slider_slide06' class='sa_hover_container' style='padding:0% 0%; margin:0px 5%; background-color:rgb(239, 239, 239); '><div class='sa_hover_fullslide'><a class='sa_slide_link_icon' href='https:\/\/traveldataanalytics.de\/wp-content\/uploads\/2022\/01\/2021_TDA-Produktblatt_forecasting.pdf' target='_blank' title='' aria-label=''><\/a><\/div>\n<div>\r\n<img decoding=\"async\" src=\"https:\/\/traveldataanalytics.de\/wp-content\/uploads\/2022\/01\/TDA-GRAFIK-3.jpg\">\r\n<div style=\"padding: 10%\">\r\n<h3>Forcasting<\/h3>\r\n<p>Wie wird sich der weitere Saisonverlauf entwickeln?<\/p>\r\n<p>Welche Einflussfaktoren beeinflussen wie stark das Buchungsaufkommen?<\/p>\r\n<p>Wie ver\u00e4ndert sich mein Marktanteil bei bestimmten Ma\u00dfnahmen?<\/p>\r\n<\/div>\r\n<\/div><\/div>\n<\/div>\n<\/div>\n<script type='text\/javascript'>\n\tjQuery(document).ready(function() {\n\t\tjQuery('#team_slider').owlCarousel({\n\t\t\tresponsive:{\n\t\t\t\t0:{ items:1 },\n\t\t\t\t480:{ items:1 },\n\t\t\t\t768:{ items:1 },\n\t\t\t\t980:{ items:2 },\n\t\t\t\t1200:{ items:2 },\n\t\t\t\t1500:{ items:2 }\n\t\t\t},\n\t\t\tautoplay : true,\n\t\t\tautoplayTimeout : 4500,\n\t\t\tautoplayHoverPause : true,\n\t\t\tsmartSpeed : 500,\n\t\t\tfluidSpeed : 500,\n\t\t\tautoplaySpeed : 500,\n\t\t\tnavSpeed : 500,\n\t\t\tdotsSpeed : 500,\n\t\t\tloop : true,\n\t\t\tnav : true,\n\t\t\tnavText : ['Previous','Next'],\n\t\t\tdots : false,\n\t\t\tresponsiveRefreshRate : 200,\n\t\t\tslideBy : 1,\n\t\t\tmergeFit : true,\n\t\t\tautoHeight : false,\n\t\t\tmouseDrag : true,\n\t\t\ttouchDrag : true\n\t\t});\n\t\tjQuery('#team_slider').css('visibility', 'visible');\n\t\tsa_resize_team_slider();\n\t\twindow.addEventListener('resize', sa_resize_team_slider);\n\t\tfunction sa_resize_team_slider() {\n\t\t\tvar min_height = '50';\n\t\t\tvar win_width = jQuery(window).width();\n\t\t\tvar slider_width = jQuery('#team_slider').width();\n\t\t\tif (win_width < 480) {\n\t\t\t\tvar slide_width = slider_width \/ 1;\n\t\t\t} else if (win_width < 768) {\n\t\t\t\tvar slide_width = slider_width \/ 1;\n\t\t\t} else if (win_width < 980) {\n\t\t\t\tvar slide_width = slider_width \/ 1;\n\t\t\t} else if (win_width < 1200) {\n\t\t\t\tvar slide_width = slider_width \/ 2;\n\t\t\t} else if (win_width < 1500) {\n\t\t\t\tvar slide_width = slider_width \/ 2;\n\t\t\t} else {\n\t\t\t\tvar slide_width = slider_width \/ 2;\n\t\t\t}\n\t\t\tslide_width = Math.round(slide_width);\n\t\t\tvar slide_height = '0';\n\t\t\tif (min_height == 'aspect43') {\n\t\t\t\tslide_height = (slide_width \/ 4) * 3;\t\t\t\tslide_height = Math.round(slide_height);\n\t\t\t} else if (min_height == 'aspect169') {\n\t\t\t\tslide_height = (slide_width \/ 16) * 9;\t\t\t\tslide_height = Math.round(slide_height);\n\t\t\t} else {\n\t\t\t\tslide_height = (slide_width \/ 100) * min_height;\t\t\t\tslide_height = Math.round(slide_height);\n\t\t\t}\n\t\t\tjQuery('#team_slider .owl-item .sa_hover_container').css('min-height', slide_height+'px');\n\t\t}\n\t\tvar owl_goto = jQuery('#team_slider');\n\t\tjQuery('.team_slider_goto1').click(function(event){\n\t\t\towl_goto.trigger('to.owl.carousel', 0);\n\t\t});\n\t\tjQuery('.team_slider_goto2').click(function(event){\n\t\t\towl_goto.trigger('to.owl.carousel', 1);\n\t\t});\n\t\tjQuery('.team_slider_goto3').click(function(event){\n\t\t\towl_goto.trigger('to.owl.carousel', 2);\n\t\t});\n\t\tjQuery('.team_slider_goto4').click(function(event){\n\t\t\towl_goto.trigger('to.owl.carousel', 3);\n\t\t});\n\t\tjQuery('.team_slider_goto5').click(function(event){\n\t\t\towl_goto.trigger('to.owl.carousel', 4);\n\t\t});\n\t\tjQuery('.team_slider_goto6').click(function(event){\n\t\t\towl_goto.trigger('to.owl.carousel', 5);\n\t\t});\n\t\tvar resize_9572 = jQuery('.owl-carousel');\n\t\tresize_9572.on('initialized.owl.carousel', function(e) {\n\t\t\tif (typeof(Event) === 'function') {\n\t\t\t\twindow.dispatchEvent(new Event('resize'));\n\t\t\t} else {\n\t\t\t\tvar evt = window.document.createEvent('UIEvents');\n\t\t\t\tevt.initUIEvent('resize', true, false, window, 0);\n\t\t\t\twindow.dispatchEvent(evt);\n\t\t\t}\n\t\t});\n\t});\n<\/script>\n\n","protected":false},"excerpt":{"rendered":"<p>Valide Marktdaten \u2013 messbare Fakten \u2013 sind die Basis, um die Produkt-, Destinationen- oder Flugplanung genau auf den Absatzmarkt abzustimmen und die eigene Preisgestaltung und Vertriebssteuerung zu optimieren. Wir beantworten &#8230;<\/p>","protected":false},"author":1,"featured_media":872,"parent":4069,"menu_order":30,"comment_status":"closed","ping_status":"closed","template":"","meta":{"inline_featured_image":false,"footnotes":""},"class_list":["post-4071","page","type-page","status-publish","has-post-thumbnail","hentry"],"yoast_head":"<!-- This site is optimized with the Yoast SEO plugin v27.4 - https:\/\/yoast.com\/product\/yoast-seo-wordpress\/ -->\n<title>Unsere Services &#8211; Travel Data + Analytics GmbH<\/title>\n<meta name=\"robots\" content=\"index, follow, max-snippet:-1, max-image-preview:large, max-video-preview:-1\" \/>\n<link rel=\"canonical\" href=\"https:\/\/traveldataanalytics.de\/en\/capabilities\/our-services\/\" \/>\n<meta property=\"og:locale\" content=\"en_GB\" \/>\n<meta property=\"og:type\" content=\"article\" \/>\n<meta property=\"og:title\" content=\"Unsere Services &#8211; Travel Data + Analytics GmbH\" \/>\n<meta property=\"og:description\" content=\"Valide Marktdaten \u2013 messbare Fakten \u2013 sind die Basis, um die Produkt-, Destinationen- oder Flugplanung genau auf den Absatzmarkt abzustimmen und die eigene Preisgestaltung und Vertriebssteuerung zu optimieren. Wir beantworten ...\" \/>\n<meta property=\"og:url\" content=\"https:\/\/traveldataanalytics.de\/en\/capabilities\/our-services\/\" \/>\n<meta property=\"og:site_name\" content=\"Travel Data + Analytics GmbH\" \/>\n<meta property=\"article:modified_time\" content=\"2024-02-20T14:22:07+00:00\" \/>\n<meta property=\"og:image\" content=\"https:\/\/traveldataanalytics.de\/wp-content\/uploads\/2019\/10\/tda_kontakt.png\" \/>\n\t<meta property=\"og:image:width\" content=\"1904\" \/>\n\t<meta property=\"og:image:height\" content=\"356\" \/>\n\t<meta property=\"og:image:type\" content=\"image\/png\" \/>\n<meta name=\"twitter:card\" content=\"summary_large_image\" \/>\n<meta name=\"twitter:label1\" content=\"Estimated reading time\" \/>\n\t<meta name=\"twitter:data1\" content=\"5 minutes\" \/>\n<script type=\"application\/ld+json\" class=\"yoast-schema-graph\">{\"@context\":\"https:\\\/\\\/schema.org\",\"@graph\":[{\"@type\":\"WebPage\",\"@id\":\"https:\\\/\\\/traveldataanalytics.de\\\/leistungsspektrum\\\/unsere-services\",\"url\":\"https:\\\/\\\/traveldataanalytics.de\\\/leistungsspektrum\\\/unsere-services\",\"name\":\"Unsere Services &#8211; Travel Data + Analytics GmbH\",\"isPartOf\":{\"@id\":\"https:\\\/\\\/traveldataanalytics.de\\\/#website\"},\"primaryImageOfPage\":{\"@id\":\"https:\\\/\\\/traveldataanalytics.de\\\/leistungsspektrum\\\/unsere-services#primaryimage\"},\"image\":{\"@id\":\"https:\\\/\\\/traveldataanalytics.de\\\/leistungsspektrum\\\/unsere-services#primaryimage\"},\"thumbnailUrl\":\"https:\\\/\\\/traveldataanalytics.de\\\/wp-content\\\/uploads\\\/2019\\\/10\\\/tda_kontakt.png\",\"datePublished\":\"2022-01-29T14:41:04+00:00\",\"dateModified\":\"2024-02-20T14:22:07+00:00\",\"breadcrumb\":{\"@id\":\"https:\\\/\\\/traveldataanalytics.de\\\/leistungsspektrum\\\/unsere-services#breadcrumb\"},\"inLanguage\":\"en-GB\",\"potentialAction\":[{\"@type\":\"ReadAction\",\"target\":[\"https:\\\/\\\/traveldataanalytics.de\\\/leistungsspektrum\\\/unsere-services\"]}]},{\"@type\":\"ImageObject\",\"inLanguage\":\"en-GB\",\"@id\":\"https:\\\/\\\/traveldataanalytics.de\\\/leistungsspektrum\\\/unsere-services#primaryimage\",\"url\":\"https:\\\/\\\/traveldataanalytics.de\\\/wp-content\\\/uploads\\\/2019\\\/10\\\/tda_kontakt.png\",\"contentUrl\":\"https:\\\/\\\/traveldataanalytics.de\\\/wp-content\\\/uploads\\\/2019\\\/10\\\/tda_kontakt.png\",\"width\":1904,\"height\":356},{\"@type\":\"BreadcrumbList\",\"@id\":\"https:\\\/\\\/traveldataanalytics.de\\\/leistungsspektrum\\\/unsere-services#breadcrumb\",\"itemListElement\":[{\"@type\":\"ListItem\",\"position\":1,\"name\":\"Home\",\"item\":\"https:\\\/\\\/traveldataanalytics.de\\\/\"},{\"@type\":\"ListItem\",\"position\":2,\"name\":\"Leistungsspektrum\",\"item\":\"https:\\\/\\\/traveldataanalytics.de\\\/leistungsspektrum\"},{\"@type\":\"ListItem\",\"position\":3,\"name\":\"Unsere Services\"}]},{\"@type\":\"WebSite\",\"@id\":\"https:\\\/\\\/traveldataanalytics.de\\\/#website\",\"url\":\"https:\\\/\\\/traveldataanalytics.de\\\/\",\"name\":\"Travel Data + Analytics GmbH\",\"description\":\"Die erfolgreiche Gesch\u00e4ftsentwicklung Ihres Unternehmens ist unsere Mission.\",\"publisher\":{\"@id\":\"https:\\\/\\\/traveldataanalytics.de\\\/#organization\"},\"alternateName\":\"TDA\",\"potentialAction\":[{\"@type\":\"SearchAction\",\"target\":{\"@type\":\"EntryPoint\",\"urlTemplate\":\"https:\\\/\\\/traveldataanalytics.de\\\/?s={search_term_string}\"},\"query-input\":{\"@type\":\"PropertyValueSpecification\",\"valueRequired\":true,\"valueName\":\"search_term_string\"}}],\"inLanguage\":\"en-GB\"},{\"@type\":\"Organization\",\"@id\":\"https:\\\/\\\/traveldataanalytics.de\\\/#organization\",\"name\":\"Travel Data + Analytics GmbH\",\"alternateName\":\"TDA\",\"url\":\"https:\\\/\\\/traveldataanalytics.de\\\/\",\"logo\":{\"@type\":\"ImageObject\",\"inLanguage\":\"en-GB\",\"@id\":\"https:\\\/\\\/traveldataanalytics.de\\\/#\\\/schema\\\/logo\\\/image\\\/\",\"url\":\"https:\\\/\\\/traveldataanalytics.de\\\/wp-content\\\/uploads\\\/2019\\\/07\\\/crop-e1563634024111.png\",\"contentUrl\":\"https:\\\/\\\/traveldataanalytics.de\\\/wp-content\\\/uploads\\\/2019\\\/07\\\/crop-e1563634024111.png\",\"width\":1323,\"height\":496,\"caption\":\"Travel Data + Analytics GmbH\"},\"image\":{\"@id\":\"https:\\\/\\\/traveldataanalytics.de\\\/#\\\/schema\\\/logo\\\/image\\\/\"}}]}<\/script>\n<!-- \/ Yoast SEO plugin. -->","yoast_head_json":{"title":"Unsere Services &#8211; Travel Data + Analytics GmbH","robots":{"index":"index","follow":"follow","max-snippet":"max-snippet:-1","max-image-preview":"max-image-preview:large","max-video-preview":"max-video-preview:-1"},"canonical":"https:\/\/traveldataanalytics.de\/en\/capabilities\/our-services\/","og_locale":"en_GB","og_type":"article","og_title":"Unsere Services &#8211; Travel Data + Analytics GmbH","og_description":"Valide Marktdaten \u2013 messbare Fakten \u2013 sind die Basis, um die Produkt-, Destinationen- oder Flugplanung genau auf den Absatzmarkt abzustimmen und die eigene Preisgestaltung und Vertriebssteuerung zu optimieren. Wir beantworten ...","og_url":"https:\/\/traveldataanalytics.de\/en\/capabilities\/our-services\/","og_site_name":"Travel Data + Analytics GmbH","article_modified_time":"2024-02-20T14:22:07+00:00","og_image":[{"width":1904,"height":356,"url":"https:\/\/traveldataanalytics.de\/wp-content\/uploads\/2019\/10\/tda_kontakt.png","type":"image\/png"}],"twitter_card":"summary_large_image","twitter_misc":{"Estimated reading time":"5 minutes"},"schema":{"@context":"https:\/\/schema.org","@graph":[{"@type":"WebPage","@id":"https:\/\/traveldataanalytics.de\/leistungsspektrum\/unsere-services","url":"https:\/\/traveldataanalytics.de\/leistungsspektrum\/unsere-services","name":"Unsere Services &#8211; Travel Data + Analytics GmbH","isPartOf":{"@id":"https:\/\/traveldataanalytics.de\/#website"},"primaryImageOfPage":{"@id":"https:\/\/traveldataanalytics.de\/leistungsspektrum\/unsere-services#primaryimage"},"image":{"@id":"https:\/\/traveldataanalytics.de\/leistungsspektrum\/unsere-services#primaryimage"},"thumbnailUrl":"https:\/\/traveldataanalytics.de\/wp-content\/uploads\/2019\/10\/tda_kontakt.png","datePublished":"2022-01-29T14:41:04+00:00","dateModified":"2024-02-20T14:22:07+00:00","breadcrumb":{"@id":"https:\/\/traveldataanalytics.de\/leistungsspektrum\/unsere-services#breadcrumb"},"inLanguage":"en-GB","potentialAction":[{"@type":"ReadAction","target":["https:\/\/traveldataanalytics.de\/leistungsspektrum\/unsere-services"]}]},{"@type":"ImageObject","inLanguage":"en-GB","@id":"https:\/\/traveldataanalytics.de\/leistungsspektrum\/unsere-services#primaryimage","url":"https:\/\/traveldataanalytics.de\/wp-content\/uploads\/2019\/10\/tda_kontakt.png","contentUrl":"https:\/\/traveldataanalytics.de\/wp-content\/uploads\/2019\/10\/tda_kontakt.png","width":1904,"height":356},{"@type":"BreadcrumbList","@id":"https:\/\/traveldataanalytics.de\/leistungsspektrum\/unsere-services#breadcrumb","itemListElement":[{"@type":"ListItem","position":1,"name":"Home","item":"https:\/\/traveldataanalytics.de\/"},{"@type":"ListItem","position":2,"name":"Leistungsspektrum","item":"https:\/\/traveldataanalytics.de\/leistungsspektrum"},{"@type":"ListItem","position":3,"name":"Unsere Services"}]},{"@type":"WebSite","@id":"https:\/\/traveldataanalytics.de\/#website","url":"https:\/\/traveldataanalytics.de\/","name":"Travel Data + Analytics GmbH","description":"Die erfolgreiche Gesch\u00e4ftsentwicklung Ihres Unternehmens ist unsere Mission.","publisher":{"@id":"https:\/\/traveldataanalytics.de\/#organization"},"alternateName":"TDA","potentialAction":[{"@type":"SearchAction","target":{"@type":"EntryPoint","urlTemplate":"https:\/\/traveldataanalytics.de\/?s={search_term_string}"},"query-input":{"@type":"PropertyValueSpecification","valueRequired":true,"valueName":"search_term_string"}}],"inLanguage":"en-GB"},{"@type":"Organization","@id":"https:\/\/traveldataanalytics.de\/#organization","name":"Travel Data + Analytics GmbH","alternateName":"TDA","url":"https:\/\/traveldataanalytics.de\/","logo":{"@type":"ImageObject","inLanguage":"en-GB","@id":"https:\/\/traveldataanalytics.de\/#\/schema\/logo\/image\/","url":"https:\/\/traveldataanalytics.de\/wp-content\/uploads\/2019\/07\/crop-e1563634024111.png","contentUrl":"https:\/\/traveldataanalytics.de\/wp-content\/uploads\/2019\/07\/crop-e1563634024111.png","width":1323,"height":496,"caption":"Travel Data + Analytics GmbH"},"image":{"@id":"https:\/\/traveldataanalytics.de\/#\/schema\/logo\/image\/"}}]}},"jetpack_sharing_enabled":true,"_links":{"self":[{"href":"https:\/\/traveldataanalytics.de\/en\/wp-json\/wp\/v2\/pages\/4071","targetHints":{"allow":["GET"]}}],"collection":[{"href":"https:\/\/traveldataanalytics.de\/en\/wp-json\/wp\/v2\/pages"}],"about":[{"href":"https:\/\/traveldataanalytics.de\/en\/wp-json\/wp\/v2\/types\/page"}],"author":[{"embeddable":true,"href":"https:\/\/traveldataanalytics.de\/en\/wp-json\/wp\/v2\/users\/1"}],"replies":[{"embeddable":true,"href":"https:\/\/traveldataanalytics.de\/en\/wp-json\/wp\/v2\/comments?post=4071"}],"version-history":[{"count":104,"href":"https:\/\/traveldataanalytics.de\/en\/wp-json\/wp\/v2\/pages\/4071\/revisions"}],"predecessor-version":[{"id":9580,"href":"https:\/\/traveldataanalytics.de\/en\/wp-json\/wp\/v2\/pages\/4071\/revisions\/9580"}],"up":[{"embeddable":true,"href":"https:\/\/traveldataanalytics.de\/en\/wp-json\/wp\/v2\/pages\/4069"}],"wp:featuredmedia":[{"embeddable":true,"href":"https:\/\/traveldataanalytics.de\/en\/wp-json\/wp\/v2\/media\/872"}],"wp:attachment":[{"href":"https:\/\/traveldataanalytics.de\/en\/wp-json\/wp\/v2\/media?parent=4071"}],"curies":[{"name":"wp","href":"https:\/\/api.w.org\/{rel}","templated":true}]}}