{"id":3601,"date":"2022-01-22T19:45:41","date_gmt":"2022-01-22T18:45:41","guid":{"rendered":"https:\/\/traveldataanalytics.de\/?page_id=3601"},"modified":"2026-04-21T15:19:14","modified_gmt":"2026-04-21T13:19:14","slug":"contact","status":"publish","type":"page","link":"https:\/\/traveldataanalytics.de\/en\/kontakt","title":{"rendered":"Contact"},"content":{"rendered":"\n<div class=\"wp-block-group container\"><div class=\"wp-block-group__inner-container is-layout-constrained wp-block-group-is-layout-constrained\">\n<div style=\"height:50px\" aria-hidden=\"true\" class=\"wp-block-spacer\"><\/div>\n\n\n\n<div class=\"wp-block-group analyse-box select-none wow slideInUp\"><div class=\"wp-block-group__inner-container is-layout-flow wp-block-group-is-layout-flow\">\n<div class=\"wp-block-columns are-vertically-aligned-center margin-none is-layout-flex wp-container-core-columns-is-layout-9d6595d7 wp-block-columns-is-layout-flex\">\n<div class=\"wp-block-column is-vertically-aligned-center is-layout-flow wp-block-column-is-layout-flow\" style=\"flex-basis:66.66%\">\n<h2 class=\"wp-block-heading has-text-align-center has-medium-font-size\">Termin buchen<\/h2>\n\n\n\n<p class=\"has-text-align-center margin-none\">Nutzen Sie unser Buchungstool um eine Onlinebesprechung zu reservieren<\/p>\n<\/div>\n\n\n\n<div class=\"wp-block-column is-vertically-aligned-center is-layout-flow wp-block-column-is-layout-flow\" style=\"flex-basis:33.33%\">\n<center>\n<a class=\"btn btn-theme-primary-outline tda-btn service-button\" title=\"TDA Booking Tool\" href=\"\/#\" onclick=\"Bookings=window.open('https:\/\/traveldataanalytics.de\/termin-vereinbaren','Bookings','width=420,height=700'); return false;\" style=\"padding: 7px 14px;font-size: 13px;line-height: 1.5;\"><span class=\"fa-stack fa-lg\" style=\"font-size: 10px; display: inline-block; position: relative; float: left; margin-right: 5px;\">\n  <i class=\"fa fa-square fa-stack-2x\"><\/i>\n  <i class=\"fa fa-calendar fa-stack-1x fa-inverse\"><\/i>\n<\/span>Termin buchen <sup style=\"color: #aaa;font-weight: 700;\">BETA<\/sup><\/a>\n<\/center>\n<\/div>\n<\/div>\n<\/div><\/div>\n\n\n\n<div style=\"height:50px\" aria-hidden=\"true\" class=\"wp-block-spacer\"><\/div>\n\n\n\n<div class=\"wp-block-columns has-3-columns wow slideInUp is-layout-flex wp-container-core-columns-is-layout-9d6595d7 wp-block-columns-is-layout-flex\">\n<div class=\"wp-block-column is-layout-flow wp-block-column-is-layout-flow\">\n<h3 class=\"wp-block-heading\" id=\"anschrift\">Anschrift<\/h3>\n\n\n\n<hr class=\"wp-block-separator has-css-opacity is-style-wide\"\/>\n\n\n\n<p>Travel Data + Analytics GmbH<\/p>\n\n\n\n<p>Schweppermannstra\u00dfe 66<\/p>\n\n\n\n<p>90408 N\u00fcrnberg<\/p>\n\n\n\n<div style=\"height:50px\" aria-hidden=\"true\" class=\"wp-block-spacer\"><\/div>\n<\/div>\n\n\n\n<div class=\"wp-block-column is-layout-flow wp-block-column-is-layout-flow\">\n<h3 class=\"wp-block-heading\" id=\"kontakt\">Kontakt<\/h3>\n\n\n\n<hr class=\"wp-block-separator has-css-opacity is-style-wide\"\/>\n\n\n\n<a class=\"btn btn-theme-primary-outline news-button phone-button\" title=\"+49 (0)911 951 510 00\" style=\"width: 100%;font-size: 12px;letter-spacing: 1.5px;margin-top: 0px;padding: 5px 10px 5px 10px;\" href=\"tel:+49 911 951 510 00\"><i class=\"fa-solid fa-square-phone\" style=\"margin-right: 8px;font-weight: 600;float: left;font-size: 16px;\" aria-hidden=\"true\"><\/i>Allgemein<\/a>\n<a class=\"btn btn-theme-primary-outline news-button phone-button\" title=\"+49 (0)911 951 510 06\" style=\"width: 100%;font-size: 12px;letter-spacing: 1.5px;margin-top: 10px;padding: 5px 10px 5px 10px;\" href=\"tel:+49 911 951 510 06\"><i class=\"fa-solid fa-square-phone\" style=\"margin-right: 8px;font-weight: 600;float: left;font-size: 16px;\" aria-hidden=\"true\"><\/i>Vertrieb<\/a>\n<a class=\"btn btn-theme-primary-outline news-button phone-button\" title=\"+49 (0)911 951 510 03\" style=\"width: 100%;font-size: 12px;letter-spacing: 1.5px;margin-top: 10px;padding: 5px 10px 5px 10px;\" href=\"tel:+49 911 951 510 03\"><i class=\"fa-solid fa-square-phone\" style=\"margin-right: 8px;font-weight: 600;float: left;font-size: 16px;\" aria-hidden=\"true\"><\/i>Kundenbetreuung<\/a>\n<a class=\"btn btn-theme-primary-outline news-button phone-button\" title=\"+49 (0)911 951 510 04\" style=\"width: 100%;font-size: 12px;letter-spacing: 1.5px;margin-top: 10px;padding: 5px 10px 5px 10px;\" href=\"tel:+49 911 951 510 04\"><i class=\"fa-solid fa-square-phone\" style=\"margin-right: 8px;font-weight: 600;float: left;font-size: 16px;\" aria-hidden=\"true\"><\/i>Produktentwicklung<\/a>\n<a class=\"btn btn-theme-primary-outline news-button phone-button\" title=\"info@traveldataanalytics.de\" style=\"margin-top: 10px;width: 100%;font-size: 12px;letter-spacing: 1.5px;padding: 5px 10px 5px 10px; height: 28px;\" href=\"mailto:info@traveldataanalytics.de?subject=Contact%20request%20via%20Travel%20Data%20+%20Analytics%20Website\"><i class=\"fa-solid fa-square-envelope\" style=\"margin-right: 8px;font-weight: 600;float: left;font-size: 16px;\" aria-hidden=\"true\"><\/i>E-Mail<\/a>\n\n<style>\n.phone-button {\n  background: #063376;\n  color: #fff;\n  box-shadow: none;\n}\n\n.phone-button:hover {\n  background: #fff;\n  color: #063376;\n}\n\n.phone-button:hover .fa-envelope.fa-inverse {\n  color: #fff !important;\n  -webkit-transition: all .2s ease-in-out;\n  transition: all .2s ease-in-out;\n}\n\n.fa-envelope.fa-inverse {\n  color: #063376;\n  -webkit-transition: all .2s ease-in-out;\n  transition: all .2s ease-in-out;\n}\n\n.phone-button:focus {\n  color: #fff;\n}\n\n.phone-button:hover:focus {\n  color: #063376;\n}\n\n.phone-button:hover .fa-square-phone, .phone-button:hover .fa-square-envelope {\n    -webkit-animation-name: fa-shake;\n    -webkit-animation-delay: var(--fa-animation-delay, 0s);\n    -webkit-animation-direction: var(--fa-animation-direction, normal);\n    -webkit-animation-duration: var(--fa-animation-duration, 1s);\n    animation-duration: var(--fa-animation-duration, 2.5s);\n    -webkit-animation-iteration-count: var(--fa-animation-iteration-count, infinite);\n    -webkit-animation-timing-function: var(--fa-animation-timing, linear);\n}\n<\/style>\n\n\n\n<div style=\"height:50px\" aria-hidden=\"true\" class=\"wp-block-spacer\"><\/div>\n<\/div>\n\n\n\n<div class=\"wp-block-column is-layout-flow wp-block-column-is-layout-flow\">\n<h3 class=\"wp-block-heading\" id=\"so-finden-sie-zu-uns\">So finden Sie zu uns<\/h3>\n\n\n\n<hr class=\"wp-block-separator has-css-opacity is-style-wide\"\/>\n\n\n\n<p style=\"min-height: 140px; margin-bottom: 12px; text-align: justify;\">Planen Sie Ihre Anreise mit dem PKW oder zu Fu\u00df \u00fcber den eingebetteten Stadtplan oder \u00fcber den folgenden Link:<\/p>\n\n\n\n<a class=\"btn btn-theme-primary-outline news-button\" title=\"Anfahrtsplan\" style=\"box-shadow: none; height: 28px;width: 100%;font-size: 12px;letter-spacing: 1.5px;margin-top: 0px;padding: 5px 10px 5px 10px;\" href=\"https:\/\/g.page\/TravelDataAnalytics?share\" target=\"_blank\" rel=\"nofollow noopener\">Anfahrtsplan<i class=\"fa fa-external-link-square\" style=\"float: right; top: 5px; font-weight: 600; font-size: 16px;\" aria-hidden=\"true\"><\/i><\/a>\n\n\n\n<div style=\"height:50px\" aria-hidden=\"true\" class=\"wp-block-spacer\"><\/div>\n<\/div>\n<\/div>\n\n\n\n<div style=\"height:50px\" aria-hidden=\"true\" class=\"wp-block-spacer\"><\/div>\n\n\n\n<div id=\"contactform\" class=\"wp-block-group formular wow slideInUp select-none\"><div class=\"wp-block-group__inner-container is-layout-flow wp-block-group-is-layout-flow\">\n<h2 class=\"wp-block-heading alignwide has-text-align-left\" id=\"oder-nutzen-sie-unser-kontaktformular\">Oder nutzen Sie unser Kontaktformular<\/h2>\n\n\n<style id=\"wpforms-css-vars-13317\">\n\t\t\t\t#wpforms-13317 {\n\t\t\t\t--wpforms-field-border-radius: 2px;\n--wpforms-field-border-color: #ccc;\n--wpforms-field-border-color-spare: #ccc;\n--wpforms-field-text-color: #333;\n--wpforms-label-color: #333;\n--wpforms-label-sublabel-color: #7f7f7f;\n--wpforms-label-error-color: #ff0000;\n--wpforms-button-border-radius: 2px;\n--wpforms-button-background-color: #063376;\n--wpforms-button-border-color: #063376;\n--wpforms-button-text-color: #fff;\n--wpforms-container-padding: 25px;\n--wpforms-container-border-style: solid;\n--wpforms-container-border-radius: 2px;\n--wpforms-container-border-color: #ccc;\n--wpforms-background-color: #efefef;\n--wpforms-page-break-color: #dddddd;\n--wpforms-field-size-input-height: 43px;\n--wpforms-field-size-input-spacing: 15px;\n--wpforms-field-size-font-size: 16px;\n--wpforms-field-size-line-height: 19px;\n--wpforms-field-size-padding-h: 14px;\n--wpforms-field-size-checkbox-size: 16px;\n--wpforms-field-size-sublabel-spacing: 5px;\n--wpforms-field-size-icon-size: 1;\n--wpforms-label-size-font-size: 16px;\n--wpforms-label-size-line-height: 19px;\n--wpforms-label-size-sublabel-font-size: 14px;\n--wpforms-label-size-sublabel-line-height: 17px;\n--wpforms-button-size-font-size: 17px;\n--wpforms-button-size-height: 41px;\n--wpforms-button-size-padding-h: 15px;\n--wpforms-button-size-margin-top: 10px;\n--wpforms-container-shadow-size-box-shadow: none;\n\t\t\t}\n\t\t\t<\/style><div class=\"wpforms-container wpforms-container-full wpforms-container-save-resume wpforms-render-modern\" id=\"wpforms-13317\"><form id=\"wpforms-form-13317\" class=\"wpforms-validate wpforms-form wpforms-ajax-form\" data-formid=\"13317\" method=\"post\" enctype=\"multipart\/form-data\" action=\"\/en\/wp-json\/wp\/v2\/pages\/3601\" data-token=\"e521a27776b0458c1aa11ecf77b6fa8f\" data-token-time=\"1777390177\"><noscript class=\"wpforms-error-noscript\">Please enable JavaScript in your browser to complete this form.<\/noscript><div id=\"wpforms-error-noscript\" style=\"display: none;\">Please enable JavaScript in your browser to complete this form.<\/div><div class=\"wpforms-field-container\">\t\t<div id=\"wpforms-13317-field_4-container\"\n\t\t\tclass=\"wpforms-field wpforms-field-text\"\n\t\t\tdata-field-type=\"text\"\n\t\t\tdata-field-id=\"4\"\n\t\t\t>\n\t\t\t<label class=\"wpforms-field-label\" for=\"wpforms-13317-field_4\" >oder Name DSGVO-Einverst\u00e4ndnis<\/label>\n\t\t\t<input type=\"text\" id=\"wpforms-13317-field_4\" class=\"wpforms-field-medium\" name=\"wpforms[fields][4]\" >\n\t\t<\/div>\n\t\t<div id=\"wpforms-13317-field_1-container\" class=\"wpforms-field wpforms-field-name\" data-field-id=\"1\"><fieldset><legend class=\"wpforms-field-label\">Name <span class=\"wpforms-required-label\" aria-hidden=\"true\">*<\/span><\/legend><div class=\"wpforms-field-row wpforms-field-large\"><div class=\"wpforms-field-row-block wpforms-first wpforms-one-half\"><input type=\"text\" id=\"wpforms-13317-field_1\" class=\"wpforms-field-name-first wpforms-field-required\" name=\"wpforms[fields][1][first]\" aria-errormessage=\"wpforms-13317-field_1-error\" required><label for=\"wpforms-13317-field_1\" class=\"wpforms-field-sublabel after\">First<\/label><\/div><div class=\"wpforms-field-row-block wpforms-one-half\"><input type=\"text\" id=\"wpforms-13317-field_1-last\" class=\"wpforms-field-name-last wpforms-field-required\" name=\"wpforms[fields][1][last]\" aria-errormessage=\"wpforms-13317-field_1-last-error\" required><label for=\"wpforms-13317-field_1-last\" class=\"wpforms-field-sublabel after\">Last<\/label><\/div><\/div><\/fieldset><\/div><div id=\"wpforms-13317-field_2-container\" class=\"wpforms-field wpforms-field-email\" data-field-id=\"2\"><label class=\"wpforms-field-label\" for=\"wpforms-13317-field_2\">E-Mail-Adresse <span class=\"wpforms-required-label\" aria-hidden=\"true\">*<\/span><\/label><input type=\"email\" id=\"wpforms-13317-field_2\" class=\"wpforms-field-large wpforms-field-required\" name=\"wpforms[fields][2]\" spellcheck=\"false\" aria-errormessage=\"wpforms-13317-field_2-error\" required><\/div><div id=\"wpforms-13317-field_5-container\" class=\"wpforms-field wpforms-field-text\" data-field-id=\"5\"><label class=\"wpforms-field-label\" for=\"wpforms-13317-field_5\">Unternehmen<\/label><input type=\"text\" id=\"wpforms-13317-field_5\" class=\"wpforms-field-large\" name=\"wpforms[fields][5]\" aria-errormessage=\"wpforms-13317-field_5-error\" ><\/div><div id=\"wpforms-13317-field_6-container\" class=\"wpforms-field wpforms-field-text\" data-field-id=\"6\"><label class=\"wpforms-field-label\" for=\"wpforms-13317-field_6\">Betreff <span class=\"wpforms-required-label\" aria-hidden=\"true\">*<\/span><\/label><input type=\"text\" id=\"wpforms-13317-field_6\" class=\"wpforms-field-large wpforms-field-required\" name=\"wpforms[fields][6]\" aria-errormessage=\"wpforms-13317-field_6-error\" required><\/div><div id=\"wpforms-13317-field_3-container\" class=\"wpforms-field wpforms-field-textarea\" data-field-id=\"3\"><label class=\"wpforms-field-label\" for=\"wpforms-13317-field_3\">Kommentar oder Nachricht <span class=\"wpforms-required-label\" aria-hidden=\"true\">*<\/span><\/label><textarea id=\"wpforms-13317-field_3\" class=\"wpforms-field-large wpforms-field-required\" name=\"wpforms[fields][3]\" aria-errormessage=\"wpforms-13317-field_3-error\" required><\/textarea><\/div><div id=\"wpforms-13317-field_7-container\" class=\"wpforms-field wpforms-field-gdpr-checkbox\" data-field-id=\"7\"><label class=\"wpforms-field-label\">DSGVO-Einverst\u00e4ndnis <span class=\"wpforms-required-label\" aria-hidden=\"true\">*<\/span><\/label><ul id=\"wpforms-13317-field_7\" class=\"wpforms-field-required\"><li class=\"choice-1\"><input type=\"checkbox\" id=\"wpforms-13317-field_7_1\" name=\"wpforms[fields][7][]\" value=\"Ich habe die  &lt;a style=&quot;text-decoration:underline;&quot; rel=&quot;noopener&quot; target=&quot;_blank&quot; href=&quot;\/datenschutzerklaerung&quot;&gt;Datenschutzerkl\u00e4rung&lt;\/a&gt; zur Kenntnis genommen und willige in die Verarbeitung meiner personenbezogenen Daten in \u00dcbereinstimmung mit den Bedingungen der  &lt;a style=&quot;text-decoration:underline;&quot; rel=&quot;noopener&quot; target=&quot;_blank&quot; href=&quot;\/datenschutzerklaerung&quot;&gt;Datenschutzerkl\u00e4rung&lt;\/a&gt; ein.\" aria-errormessage=\"wpforms-13317-field_7_1-error\" required ><label class=\"wpforms-field-label-inline\" for=\"wpforms-13317-field_7_1\">Ich habe die  <a style=\"text-decoration:underline\" rel=\"noopener\" target=\"_blank\" href=\"\/datenschutzerklaerung\">Datenschutzerkl\u00e4rung<\/a> zur Kenntnis genommen und willige in die Verarbeitung meiner personenbezogenen Daten in \u00dcbereinstimmung mit den Bedingungen der  <a style=\"text-decoration:underline\" rel=\"noopener\" target=\"_blank\" href=\"\/datenschutzerklaerung\">Datenschutzerkl\u00e4rung<\/a> ein.<\/label><\/li><\/ul><\/div><script>\n\t\t\t\t( function() {\n\t\t\t\t\tconst style = document.createElement( 'style' );\n\t\t\t\t\tstyle.appendChild( document.createTextNode( '#wpforms-13317-field_4-container { position: absolute !important; overflow: hidden !important; display: inline !important; height: 1px !important; width: 1px !important; z-index: -1000 !important; padding: 0 !important; } #wpforms-13317-field_4-container input { visibility: hidden; } #wpforms-conversational-form-page #wpforms-13317-field_4-container label { counter-increment: none; }' ) );\n\t\t\t\t\tdocument.head.appendChild( style );\n\t\t\t\t\tdocument.currentScript?.remove();\n\t\t\t\t} )();\n\t\t\t<\/script><\/div><!-- .wpforms-field-container --><div class=\"wpforms-submit-container\" ><input type=\"hidden\" name=\"wpforms[id]\" value=\"13317\"><input type=\"hidden\" name=\"page_title\" value=\"\"><input type=\"hidden\" name=\"page_url\" value=\"https:\/\/traveldataanalytics.de\/en\/wp-json\/wp\/v2\/pages\/3601\"><input type=\"hidden\" name=\"url_referer\" value=\"\"><button type=\"submit\" name=\"wpforms[submit]\" id=\"wpforms-submit-13317\" class=\"wpforms-submit\" data-alt-text=\"Wird gesendet\u00a0\u2026\" data-submit-text=\"Absenden\" aria-live=\"assertive\" value=\"wpforms-submit\">Absenden<\/button><img loading=\"lazy\" decoding=\"async\" src=\"https:\/\/traveldataanalytics.de\/wp-content\/plugins\/wpforms\/assets\/images\/submit-spin.svg\" class=\"wpforms-submit-spinner\" style=\"display: none;\" width=\"26\" height=\"26\" alt=\"Loading\"><\/div><\/form><\/div>  <!-- .wpforms-container -->\n<\/div><\/div>\n\n\n\n<div style=\"height:50px\" aria-hidden=\"true\" class=\"wp-block-spacer\"><\/div>\n<\/div><\/div>\n","protected":false},"excerpt":{"rendered":"<p>Termin buchen Nutzen Sie unser Buchungstool um eine Onlinebesprechung zu reservieren Termin buchen BETA Anschrift Travel Data + Analytics GmbH Schweppermannstra\u00dfe 66 90408 N\u00fcrnberg Kontakt Allgemein Vertrieb Kundenbetreuung Produktentwicklung So &#8230;<\/p>","protected":false},"author":1,"featured_media":872,"parent":0,"menu_order":35,"comment_status":"closed","ping_status":"closed","template":"template-fullwidth-stretched.php","meta":{"inline_featured_image":false,"footnotes":""},"class_list":["post-3601","page","type-page","status-publish","has-post-thumbnail","hentry"],"yoast_head":"<!-- This site is optimized with the Yoast SEO plugin v27.5 - https:\/\/yoast.com\/product\/yoast-seo-wordpress\/ -->\n<title>Kontakt &#8211; Travel Data + Analytics GmbH<\/title>\n<meta name=\"robots\" content=\"index, follow, max-snippet:-1, max-image-preview:large, max-video-preview:-1\" \/>\n<link rel=\"canonical\" href=\"https:\/\/traveldataanalytics.de\/en\/contact\/\" \/>\n<meta property=\"og:locale\" content=\"en_GB\" \/>\n<meta property=\"og:type\" content=\"article\" \/>\n<meta property=\"og:title\" content=\"Kontakt &#8211; Travel Data + Analytics GmbH\" \/>\n<meta property=\"og:description\" content=\"Termin buchen Nutzen Sie unser Buchungstool um eine Onlinebesprechung zu reservieren Termin buchen BETA Anschrift Travel Data + Analytics GmbH Schweppermannstra\u00dfe 66 90408 N\u00fcrnberg Kontakt Allgemein Vertrieb Kundenbetreuung Produktentwicklung So ...\" \/>\n<meta property=\"og:url\" content=\"https:\/\/traveldataanalytics.de\/en\/contact\/\" \/>\n<meta property=\"og:site_name\" content=\"Travel Data + Analytics GmbH\" \/>\n<meta property=\"article:modified_time\" content=\"2026-04-21T13:19:14+00:00\" \/>\n<meta property=\"og:image\" content=\"https:\/\/traveldataanalytics.de\/wp-content\/uploads\/2019\/10\/tda_kontakt.png\" \/>\n\t<meta property=\"og:image:width\" content=\"1904\" \/>\n\t<meta property=\"og:image:height\" content=\"356\" \/>\n\t<meta property=\"og:image:type\" content=\"image\/png\" \/>\n<meta name=\"twitter:card\" content=\"summary_large_image\" \/>\n<meta name=\"twitter:label1\" content=\"Estimated reading time\" \/>\n\t<meta name=\"twitter:data1\" content=\"2 minutes\" \/>\n<script type=\"application\/ld+json\" class=\"yoast-schema-graph\">{\"@context\":\"https:\\\/\\\/schema.org\",\"@graph\":[{\"@type\":\"WebPage\",\"@id\":\"https:\\\/\\\/traveldataanalytics.de\\\/kontakt\",\"url\":\"https:\\\/\\\/traveldataanalytics.de\\\/kontakt\",\"name\":\"Kontakt &#8211; Travel Data + Analytics GmbH\",\"isPartOf\":{\"@id\":\"https:\\\/\\\/traveldataanalytics.de\\\/#website\"},\"primaryImageOfPage\":{\"@id\":\"https:\\\/\\\/traveldataanalytics.de\\\/kontakt#primaryimage\"},\"image\":{\"@id\":\"https:\\\/\\\/traveldataanalytics.de\\\/kontakt#primaryimage\"},\"thumbnailUrl\":\"https:\\\/\\\/traveldataanalytics.de\\\/wp-content\\\/uploads\\\/2019\\\/10\\\/tda_kontakt.png\",\"datePublished\":\"2022-01-22T18:45:41+00:00\",\"dateModified\":\"2026-04-21T13:19:14+00:00\",\"breadcrumb\":{\"@id\":\"https:\\\/\\\/traveldataanalytics.de\\\/kontakt#breadcrumb\"},\"inLanguage\":\"en-GB\",\"potentialAction\":[{\"@type\":\"ReadAction\",\"target\":[\"https:\\\/\\\/traveldataanalytics.de\\\/kontakt\"]}]},{\"@type\":\"ImageObject\",\"inLanguage\":\"en-GB\",\"@id\":\"https:\\\/\\\/traveldataanalytics.de\\\/kontakt#primaryimage\",\"url\":\"https:\\\/\\\/traveldataanalytics.de\\\/wp-content\\\/uploads\\\/2019\\\/10\\\/tda_kontakt.png\",\"contentUrl\":\"https:\\\/\\\/traveldataanalytics.de\\\/wp-content\\\/uploads\\\/2019\\\/10\\\/tda_kontakt.png\",\"width\":1904,\"height\":356},{\"@type\":\"BreadcrumbList\",\"@id\":\"https:\\\/\\\/traveldataanalytics.de\\\/kontakt#breadcrumb\",\"itemListElement\":[{\"@type\":\"ListItem\",\"position\":1,\"name\":\"Home\",\"item\":\"https:\\\/\\\/traveldataanalytics.de\\\/\"},{\"@type\":\"ListItem\",\"position\":2,\"name\":\"Kontakt\"}]},{\"@type\":\"WebSite\",\"@id\":\"https:\\\/\\\/traveldataanalytics.de\\\/#website\",\"url\":\"https:\\\/\\\/traveldataanalytics.de\\\/\",\"name\":\"Travel Data + Analytics GmbH\",\"description\":\"Die erfolgreiche Gesch\u00e4ftsentwicklung Ihres Unternehmens ist unsere Mission.\",\"publisher\":{\"@id\":\"https:\\\/\\\/traveldataanalytics.de\\\/#organization\"},\"alternateName\":\"TDA\",\"potentialAction\":[{\"@type\":\"SearchAction\",\"target\":{\"@type\":\"EntryPoint\",\"urlTemplate\":\"https:\\\/\\\/traveldataanalytics.de\\\/?s={search_term_string}\"},\"query-input\":{\"@type\":\"PropertyValueSpecification\",\"valueRequired\":true,\"valueName\":\"search_term_string\"}}],\"inLanguage\":\"en-GB\"},{\"@type\":\"Organization\",\"@id\":\"https:\\\/\\\/traveldataanalytics.de\\\/#organization\",\"name\":\"Travel Data + Analytics GmbH\",\"alternateName\":\"TDA\",\"url\":\"https:\\\/\\\/traveldataanalytics.de\\\/\",\"logo\":{\"@type\":\"ImageObject\",\"inLanguage\":\"en-GB\",\"@id\":\"https:\\\/\\\/traveldataanalytics.de\\\/#\\\/schema\\\/logo\\\/image\\\/\",\"url\":\"https:\\\/\\\/traveldataanalytics.de\\\/wp-content\\\/uploads\\\/2019\\\/07\\\/crop-e1563634024111.png\",\"contentUrl\":\"https:\\\/\\\/traveldataanalytics.de\\\/wp-content\\\/uploads\\\/2019\\\/07\\\/crop-e1563634024111.png\",\"width\":1323,\"height\":496,\"caption\":\"Travel Data + Analytics GmbH\"},\"image\":{\"@id\":\"https:\\\/\\\/traveldataanalytics.de\\\/#\\\/schema\\\/logo\\\/image\\\/\"}}]}<\/script>\n<!-- \/ Yoast SEO plugin. -->","yoast_head_json":{"title":"Kontakt &#8211; Travel Data + Analytics GmbH","robots":{"index":"index","follow":"follow","max-snippet":"max-snippet:-1","max-image-preview":"max-image-preview:large","max-video-preview":"max-video-preview:-1"},"canonical":"https:\/\/traveldataanalytics.de\/en\/contact\/","og_locale":"en_GB","og_type":"article","og_title":"Kontakt &#8211; Travel Data + Analytics GmbH","og_description":"Termin buchen Nutzen Sie unser Buchungstool um eine Onlinebesprechung zu reservieren Termin buchen BETA Anschrift Travel Data + Analytics GmbH Schweppermannstra\u00dfe 66 90408 N\u00fcrnberg Kontakt Allgemein Vertrieb Kundenbetreuung Produktentwicklung So ...","og_url":"https:\/\/traveldataanalytics.de\/en\/contact\/","og_site_name":"Travel Data + Analytics GmbH","article_modified_time":"2026-04-21T13:19:14+00:00","og_image":[{"width":1904,"height":356,"url":"https:\/\/traveldataanalytics.de\/wp-content\/uploads\/2019\/10\/tda_kontakt.png","type":"image\/png"}],"twitter_card":"summary_large_image","twitter_misc":{"Estimated reading time":"2 minutes"},"schema":{"@context":"https:\/\/schema.org","@graph":[{"@type":"WebPage","@id":"https:\/\/traveldataanalytics.de\/kontakt","url":"https:\/\/traveldataanalytics.de\/kontakt","name":"Kontakt &#8211; Travel Data + Analytics GmbH","isPartOf":{"@id":"https:\/\/traveldataanalytics.de\/#website"},"primaryImageOfPage":{"@id":"https:\/\/traveldataanalytics.de\/kontakt#primaryimage"},"image":{"@id":"https:\/\/traveldataanalytics.de\/kontakt#primaryimage"},"thumbnailUrl":"https:\/\/traveldataanalytics.de\/wp-content\/uploads\/2019\/10\/tda_kontakt.png","datePublished":"2022-01-22T18:45:41+00:00","dateModified":"2026-04-21T13:19:14+00:00","breadcrumb":{"@id":"https:\/\/traveldataanalytics.de\/kontakt#breadcrumb"},"inLanguage":"en-GB","potentialAction":[{"@type":"ReadAction","target":["https:\/\/traveldataanalytics.de\/kontakt"]}]},{"@type":"ImageObject","inLanguage":"en-GB","@id":"https:\/\/traveldataanalytics.de\/kontakt#primaryimage","url":"https:\/\/traveldataanalytics.de\/wp-content\/uploads\/2019\/10\/tda_kontakt.png","contentUrl":"https:\/\/traveldataanalytics.de\/wp-content\/uploads\/2019\/10\/tda_kontakt.png","width":1904,"height":356},{"@type":"BreadcrumbList","@id":"https:\/\/traveldataanalytics.de\/kontakt#breadcrumb","itemListElement":[{"@type":"ListItem","position":1,"name":"Home","item":"https:\/\/traveldataanalytics.de\/"},{"@type":"ListItem","position":2,"name":"Kontakt"}]},{"@type":"WebSite","@id":"https:\/\/traveldataanalytics.de\/#website","url":"https:\/\/traveldataanalytics.de\/","name":"Travel Data + Analytics GmbH","description":"Die erfolgreiche Gesch\u00e4ftsentwicklung Ihres Unternehmens ist unsere Mission.","publisher":{"@id":"https:\/\/traveldataanalytics.de\/#organization"},"alternateName":"TDA","potentialAction":[{"@type":"SearchAction","target":{"@type":"EntryPoint","urlTemplate":"https:\/\/traveldataanalytics.de\/?s={search_term_string}"},"query-input":{"@type":"PropertyValueSpecification","valueRequired":true,"valueName":"search_term_string"}}],"inLanguage":"en-GB"},{"@type":"Organization","@id":"https:\/\/traveldataanalytics.de\/#organization","name":"Travel Data + Analytics GmbH","alternateName":"TDA","url":"https:\/\/traveldataanalytics.de\/","logo":{"@type":"ImageObject","inLanguage":"en-GB","@id":"https:\/\/traveldataanalytics.de\/#\/schema\/logo\/image\/","url":"https:\/\/traveldataanalytics.de\/wp-content\/uploads\/2019\/07\/crop-e1563634024111.png","contentUrl":"https:\/\/traveldataanalytics.de\/wp-content\/uploads\/2019\/07\/crop-e1563634024111.png","width":1323,"height":496,"caption":"Travel Data + Analytics GmbH"},"image":{"@id":"https:\/\/traveldataanalytics.de\/#\/schema\/logo\/image\/"}}]}},"jetpack_sharing_enabled":true,"_links":{"self":[{"href":"https:\/\/traveldataanalytics.de\/en\/wp-json\/wp\/v2\/pages\/3601","targetHints":{"allow":["GET"]}}],"collection":[{"href":"https:\/\/traveldataanalytics.de\/en\/wp-json\/wp\/v2\/pages"}],"about":[{"href":"https:\/\/traveldataanalytics.de\/en\/wp-json\/wp\/v2\/types\/page"}],"author":[{"embeddable":true,"href":"https:\/\/traveldataanalytics.de\/en\/wp-json\/wp\/v2\/users\/1"}],"replies":[{"embeddable":true,"href":"https:\/\/traveldataanalytics.de\/en\/wp-json\/wp\/v2\/comments?post=3601"}],"version-history":[{"count":244,"href":"https:\/\/traveldataanalytics.de\/en\/wp-json\/wp\/v2\/pages\/3601\/revisions"}],"predecessor-version":[{"id":13340,"href":"https:\/\/traveldataanalytics.de\/en\/wp-json\/wp\/v2\/pages\/3601\/revisions\/13340"}],"wp:featuredmedia":[{"embeddable":true,"href":"https:\/\/traveldataanalytics.de\/en\/wp-json\/wp\/v2\/media\/872"}],"wp:attachment":[{"href":"https:\/\/traveldataanalytics.de\/en\/wp-json\/wp\/v2\/media?parent=3601"}],"curies":[{"name":"wp","href":"https:\/\/api.w.org\/{rel}","templated":true}]}}