{"id":2117,"date":"2021-04-28T10:00:00","date_gmt":"2021-04-28T08:00:00","guid":{"rendered":"https:\/\/traveldataanalytics.de\/?page_id=2117"},"modified":"2023-09-23T00:20:43","modified_gmt":"2023-09-22T22:20:43","slug":"become-data-partner","status":"publish","type":"page","link":"https:\/\/traveldataanalytics.de\/en\/ueber-uns\/datenpartner-werden","title":{"rendered":"Become a data partner"},"content":{"rendered":"<h2 class=\"wp-block-heading\" id=\"jetzt-datenpartner-werden-und-tiefe-markteinblicke-erhalten\">Become a data partner now and get profound market insights<\/h2>\n\n\n\n<p>Travel Data + Analytics (TDA) supports tourism companies with continuous market analyses based on anonymized booking data, which is collected via data interfaces and extrapolated in a market-representative way. Become a data partner now and receive: Comprehensive and regular insights into the development of travel sales.<\/p>\n\n\n\n<div style=\"height:25px\" aria-hidden=\"true\" class=\"wp-block-spacer\"><\/div>\n\n\n\n<h3 class=\"wp-block-heading has-medium-font-size\">What is TDA Travel Intelligence<\/h3>\n\n\n\n<p>With TDA Travel Intelligence, a fiduciary database with booking data from travel sales (stationary and online) is established in various source markets in order to be able to report promptly on the current booking situation to all market participants interested in it. While cooperating data partners regularly receive predefined reports free of charge as compensation, TDA distributes specially developed reports to third parties such as tour operators, destinations and airports - naturally without disclosing which sales organization contributes to the results and to what extent. In addition, TDA offers in-depth analyses for forecasts, demand and price elasticities as well as strategic portfolio evaluations.<\/p>\n\n\n\n<div style=\"height:25px\" aria-hidden=\"true\" class=\"wp-block-spacer\"><\/div>\n\n\n\n<h3 class=\"wp-block-heading has-medium-font-size\">Guaranteed anonymity - participation without effort<\/h3>\n\n\n\n<p>The booking data provided does not contain any personal data of the travelers, is processed exclusively anonymously and treated confidentially. Conclusions about individual sales offices\/cooperations or online agencies are not possible.<\/p>\n\n\n\n<p>Moreover, your participation in TDA Travel Intelligence does not involve any effort on your part. We retrieve your booking data fully automatically from the reservation or mid-office system. All that is required is your declaration of consent.<\/p>\n\n\n\n<div style=\"height:25px\" aria-hidden=\"true\" class=\"wp-block-spacer\"><\/div>\n\n\n\n<h3 class=\"wp-block-heading has-medium-font-size\">Data partners know more<\/h3>\n\n\n\n<p>We thank you for providing your data with real benefits that give you a competitive advantage. Every six months, you will receive our free TDA analyses, with which we evaluate booking trends and comparative data in travel sales and condense them into practical information. The TDA analyses and deep market insights help you to better assess yourself in comparison to the competition and to take the right marketing and sales measures. For example, learn all about:<\/p>\n\n\n\n<ul class=\"datenpartner-ul wp-block-list\">\n<li><strong>Trends &amp; Developments:<\/strong> Current booking developments, advance booking of upcoming travel months.<\/li>\n\n\n\n<li><strong>Benchmark:<\/strong> Total market and source regions in comparison<\/li>\n\n\n\n<li><strong>Sales tips:<\/strong> Current travel and booking trends<\/li>\n\n\n\n<li><strong>In focus:<\/strong> Destinations, spending behavior, types of travel, and much more.<\/li>\n<\/ul>\n\n\n\n<p>By participating in Travel Intelligence, you strengthen the negotiating position and strategic decision-making ability of your company and\/or umbrella organization.<\/p>\n\n\n\n<p>Travel Data + Analytics GmbH is an independent company based in Germany that specializes in market analyses in the tourism environment. As a service provider and partner in the industry, numerous tourism companies trust us. Now all you need to do is say \"yes\" and soon you too will be part of the circle of selected partners. For your declaration of consent, but also for questions, please contact us: <a href=\"#formular\">Contact form<\/a><\/p>\n\n\n\n<div style=\"height:50px\" aria-hidden=\"true\" class=\"wp-block-spacer\"><\/div>\n\n\n\n<center>\n<a class=\"btn btn-theme-primary-outline tda-btn service-button\" title=\"Download PDF\" href=\"\/wp-content\/uploads\/2021\/04\/TDA-Jetzt-Datenpartner-werden.pdf\" target=\"_blank\" style=\"padding: 7px 14px;font-size: 13px;line-height: 1.5;\" download=\"\" rel=\"noopener\"><span class=\"fa-stack fa-lg\" style=\"font-size: 10px; display: inline-block; position: relative; float: left; margin-right: 5px;\">\n  <i class=\"fa fa-square fa-stack-2x\"><\/i>\n  <i class=\"fa fa-download fa-stack-1x fa-inverse\"><\/i>\n<\/span>Download PDF<\/a>\n<\/center>\n\n\n\n<div style=\"height:75px\" aria-hidden=\"true\" class=\"wp-block-spacer\"><\/div>\n\n\n\n<div id=\"formular\" class=\"wp-block-group formular wow slideInUp\"><div class=\"wp-block-group__inner-container is-layout-flow wp-block-group-is-layout-flow\">\n<div style=\"height:10px\" aria-hidden=\"true\" class=\"wp-block-spacer\"><\/div>\n\n\n\n<div style=\"height:30px\" aria-hidden=\"true\" class=\"wp-block-spacer\"><\/div>\n\n\n\n<h2 class=\"wp-block-heading has-text-align-center\" id=\"Jetzt-Datenpartner-werden!\">Become a data partner now!<\/h2>\n\n\n\n<div style=\"height:30px\" aria-hidden=\"true\" class=\"wp-block-spacer\"><\/div>\n\n\n\n<div class=\"wp-block-contact-form-7-contact-form-selector\">\n<div class=\"wpcf7 no-js\" id=\"wpcf7-f6315-o1\" lang=\"de-DE\" dir=\"ltr\" data-wpcf7-id=\"6315\">\n<div class=\"screen-reader-response\"><p role=\"status\" aria-live=\"polite\" aria-atomic=\"true\"><\/p> <ul><\/ul><\/div>\n<form action=\"\/en\/wp-json\/wp\/v2\/pages\/2117#wpcf7-f6315-o1\" method=\"post\" class=\"wpcf7-form init wpcf7-acceptance-as-validation\" aria-label=\"Contact form\" novalidate=\"novalidate\" data-status=\"init\" data-trp-original-action=\"\/en\/wp-json\/wp\/v2\/pages\/2117#wpcf7-f6315-o1\">\n<fieldset class=\"hidden-fields-container\"><input type=\"hidden\" name=\"_wpcf7\" value=\"6315\" \/><input type=\"hidden\" name=\"_wpcf7_version\" value=\"6.1.5\" \/><input type=\"hidden\" name=\"_wpcf7_locale\" value=\"de_DE\" \/><input type=\"hidden\" name=\"_wpcf7_unit_tag\" value=\"wpcf7-f6315-o1\" \/><input type=\"hidden\" name=\"_wpcf7_container_post\" value=\"0\" \/><input type=\"hidden\" name=\"_wpcf7_posted_data_hash\" value=\"\" \/>\n<\/fieldset>\n<center>\n\t<style>\n.wpcf7 {\n padding-left: 10px;\n padding-right: 10px;\n padding-bottom: 10px;\n}\n.wps-form {\n width: 100%;\n margin: 0 auto;\n}\n.wps-form .wps-form-row {\n display: flex;\n flex-direction: column;\n width: 100%;\n}\n.wps-form .wps-form-row .wpcf7-form-control {\n width: 100%;\n}\n.wps-form .wps-form-column {\n flex: 1;\n width: 100%;\n padding: .5rem 0;\n}\n\/* Notebook \/ Desktop *\/\n@media only screen and (min-width: 48em) { \n .wps-form .wps-form-row {\n flex-direction: row;\n }\n .wps-form .wps-form-column {\n padding: .5rem 1rem;\n }\n}\n\t<\/style>\n\t<div class=\"wps-form-row\">\n\t\t<div class=\"wps-form-column\">\n\t\t\t<p><label class=\"translation-block\"><label>All fields marked with <a style=\"color: #dc3232\" target=\"_self\">*<\/a> are mandatory.<\/label><\/label>\n\t\t\t<\/p>\n\t\t<\/div>\n\t<\/div>\n\t<div class=\"wps-form\">\n\t\t<div class=\"wps-form-row\">\n\t\t\t<div class=\"wps-form-column\">\n\t\t\t\t<p><label>Title <a style=\"color: #dc3232;\">*<\/a><\/label><br \/>\n<span class=\"wpcf7-form-control-wrap\" data-name=\"anrede\"><select class=\"wpcf7-form-control wpcf7-select wpcf7-validates-as-required feld-formular\" aria-required=\"true\" aria-invalid=\"false\" name=\"anrede\"><option value=\"\">---<\/option><option value=\"Herr\">Mr<\/option><option value=\"Frau\">Mrs<\/option><option value=\"Divers\">Mx<\/option><\/select><\/span>\n\t\t\t\t<\/p>\n\t\t\t<\/div>\n\t\t\t<div class=\"wps-form-column\">\n\t\t\t\t<p><label>Full Name <a style=\"color: #dc3232;\">*<\/a><\/label><br \/>\n<span class=\"wpcf7-form-control-wrap\" data-name=\"your-name\"><input size=\"40\" maxlength=\"100\" class=\"wpcf7-form-control wpcf7-text wpcf7-validates-as-required feld-formular\" aria-required=\"true\" aria-invalid=\"false\" value=\"\" type=\"text\" name=\"your-name\" \/><\/span>\n\t\t\t\t<\/p>\n\t\t\t<\/div>\n\t\t<\/div>\n\t\t<div class=\"wps-form-row\">\n\t\t\t<div class=\"wps-form-column\">\n\t\t\t\t<p><label>Phone number <a style=\"color: #dc3232;\">*<\/a><\/label><br \/>\n<span class=\"wpcf7-form-control-wrap\" data-name=\"your-tel\"><input size=\"40\" maxlength=\"400\" class=\"wpcf7-form-control wpcf7-tel wpcf7-validates-as-required wpcf7-text wpcf7-validates-as-tel feld-formular\" aria-required=\"true\" aria-invalid=\"false\" value=\"\" type=\"tel\" name=\"your-tel\" \/><\/span>\n\t\t\t\t<\/p>\n\t\t\t<\/div>\n\t\t\t<div class=\"wps-form-column\">\n\t\t\t\t<p><label>e-mail address <a style=\"color: #dc3232;\">*<\/a><\/label><br \/>\n<span class=\"wpcf7-form-control-wrap\" data-name=\"your-email\"><input size=\"40\" maxlength=\"400\" class=\"wpcf7-form-control wpcf7-email wpcf7-validates-as-required wpcf7-text wpcf7-validates-as-email feld-formular\" aria-required=\"true\" aria-invalid=\"false\" value=\"\" type=\"email\" name=\"your-email\" \/><\/span>\n\t\t\t\t<\/p>\n\t\t\t<\/div>\n\t\t<\/div>\n\t\t<div id=\"show\" style=\"margin: 25px 0;\">\n\t\t\t<div class=\"wps-form-column\">\n\t\t\t\t<p><a href=\"#show\" id=\"show\" class=\"show\" style=\"background: #fff; border-radius: 2px; padding: 7px 10px; text-decoration: none;\"><i class=\"fa fa-angle-double-down\" aria-hidden=\"true\" style=\"margin-right: 5px;\"><\/i>Show optional information<i class=\"fa fa-angle-double-down\" aria-hidden=\"true\" style=\"margin-left: 5px;\"><\/i><\/a>\n\t\t\t\t<\/p>\n\t\t\t<\/div>\n\t\t\t<div id=\"cont\">\n\t\t\t\t<div class=\"wps-form-column\">\n\t\t\t\t\t<p><a href=\"#hide\" id=\"hide\" style=\"background: #fff;border-radius: 2px;padding: 7px 10px;display: flex;align-content: center;align-items: center;justify-content: space-between;text-decoration: none;\"><i class=\"fa fa-angle-double-up\" aria-hidden=\"true\" style=\"margin-right: 5px;\"><\/i>Hide optional information<i class=\"fa fa-angle-double-up\" aria-hidden=\"true\" style=\"margin-left: 5px;\"><\/i><\/a>\n\t\t\t\t\t<\/p>\n\t\t\t\t<\/div>\n\t\t\t\t<div class=\"wps-form-row\">\n\t\t\t\t\t<div class=\"wps-form-column\">\n\t\t\t\t\t\t<p><label>Company<\/label><br \/>\n<span class=\"wpcf7-form-control-wrap\" data-name=\"your-company\"><input size=\"40\" maxlength=\"100\" class=\"wpcf7-form-control wpcf7-text feld-formular\" aria-invalid=\"false\" value=\"\" type=\"text\" name=\"your-company\" \/><\/span>\n\t\t\t\t\t\t<\/p>\n\t\t\t\t\t<\/div>\n\t\t\t\t\t<div class=\"wps-form-column\">\n\t\t\t\t\t\t<p><label>Company address<\/label><br \/>\n<span class=\"wpcf7-form-control-wrap\" data-name=\"company-address\"><input size=\"40\" maxlength=\"100\" class=\"wpcf7-form-control wpcf7-text feld-formular\" aria-invalid=\"false\" value=\"\" type=\"text\" name=\"company-address\" \/><\/span>\n\t\t\t\t\t\t<\/p>\n\t\t\t\t\t<\/div>\n\t\t\t\t<\/div>\n\t\t\t\t<div class=\"wps-form-row\">\n\t\t\t\t\t<div class=\"wps-form-column\">\n\t\t\t\t\t\t<p><label>Website<\/label><br \/>\n<span class=\"wpcf7-form-control-wrap\" data-name=\"url-firma\"><input size=\"40\" maxlength=\"400\" class=\"wpcf7-form-control wpcf7-url wpcf7-text wpcf7-validates-as-url feld-formular\" aria-invalid=\"false\" value=\"\" type=\"url\" name=\"url-firma\" \/><\/span>\n\t\t\t\t\t\t<\/p>\n\t\t\t\t\t<\/div>\n\t\t\t\t\t<div class=\"wps-form-column\">\n\t\t\t\t\t\t<p><label>Sales Organization<\/label><br \/>\n<span class=\"wpcf7-form-control-wrap\" data-name=\"vertriebsorganisation\"><input size=\"40\" maxlength=\"100\" class=\"wpcf7-form-control wpcf7-text feld-formular\" aria-invalid=\"false\" value=\"\" type=\"text\" name=\"vertriebsorganisation\" \/><\/span>\n\t\t\t\t\t\t<\/p>\n\t\t\t\t\t<\/div>\n\t\t\t\t<\/div>\n\t\t\t<\/div>\n\t\t<\/div>\n\t\t<style>\n #cont {\n display: none;\n }\n\n .show {\n display: flex;\n align-content: stretch;\n align-items: center;\n justify-content: space-between;\n text-decoration: none;\n flex-direction: row;\n }\n\n #show:target #cont {\n display: block;\n }\n\n #show:target #show {\n display: none;\n\t\t<\/style>\n\t\t<div class=\"wps-form-row\">\n\t\t\t<div class=\"wps-form-column\" style=\"text-align: left;\">\n\t\t\t\t<p><span class=\"wpcf7-form-control-wrap\" data-name=\"Datenschutz\"><span class=\"wpcf7-form-control wpcf7-acceptance\"><span class=\"wpcf7-list-item\"><label><input type=\"checkbox\" name=\"Datenschutz\" value=\"1\" aria-invalid=\"false\" \/><span class=\"wpcf7-list-item-label\">I have read the <a href=\"https:\/\/traveldataanalytics.de\/en\/privacy-statement\/\" target=\"_blank\">Privacy Statement<\/a> and agree to the processing of my provided personal data in accordance with the terms of the <a href=\"https:\/\/traveldataanalytics.de\/en\/privacy-statement\/\" target=\"_blank\">Privacy Statement<\/a> . <a style=\"color: #dc3232;\">*<\/a><\/span><\/label><\/span><\/span><\/span>\n\t\t\t\t<\/p>\n\t\t\t<\/div>\n\t\t<\/div>\n\t\t<div class=\"wps-form-row\">\n\t\t\t<div class=\"wps-form-column\">\n\t\t\t\t<p><input class=\"wpcf7-form-control wpcf7-submit has-spinner\" type=\"submit\" value=\"Send\" \/>\n\t\t\t\t<\/p>\n\t\t\t<\/div>\n\t\t<\/div>\n\t\t<div class=\"wps-form-row\">\n\t\t\t<div class=\"wps-form-column\">\n\t\t\t\t<p><label>After submitting your data, our team will review it and get back to you.<\/label>\n\t\t\t\t<\/p>\n\t\t\t<\/div>\n\t\t<\/div>\n\t<\/div>\n<\/center><div class=\"wpcf7-response-output\" aria-hidden=\"true\"><\/div>\n<input type=\"hidden\" name=\"trp-form-language\" value=\"en\"\/><\/form>\n<\/div>\n<\/div>\n<\/div><\/div>","protected":false},"excerpt":{"rendered":"<p>Jetzt Datenpartner werden und tiefe Markteinblicke erhalten Travel Data + Analytics (TDA) unterst\u00fctzt touristische Unternehmen mit regelm\u00e4\u00dfigen Marktanalysen auf Grundlage von anonymisierten Buchungsdaten, die \u00fcber Datenschnittstellen erfasst und marktrepr\u00e4sentativ hochgerechnet &#8230;<\/p>","protected":false},"author":1,"featured_media":634,"parent":8,"menu_order":34,"comment_status":"closed","ping_status":"closed","template":"","meta":{"inline_featured_image":false,"footnotes":""},"class_list":["post-2117","page","type-page","status-publish","has-post-thumbnail","hentry"],"yoast_head":"<!-- This site is optimized with the Yoast SEO plugin v27.4 - https:\/\/yoast.com\/product\/yoast-seo-wordpress\/ -->\n<title>Datenpartner werden &#8211; Travel Data + Analytics GmbH<\/title>\n<meta name=\"robots\" content=\"index, follow, max-snippet:-1, max-image-preview:large, max-video-preview:-1\" \/>\n<link rel=\"canonical\" href=\"https:\/\/traveldataanalytics.de\/en\/about-us\/become-data-partner\/\" \/>\n<meta property=\"og:locale\" content=\"en_GB\" \/>\n<meta property=\"og:type\" content=\"article\" \/>\n<meta property=\"og:title\" content=\"Datenpartner werden &#8211; Travel Data + Analytics GmbH\" \/>\n<meta property=\"og:description\" content=\"Jetzt Datenpartner werden und tiefe Markteinblicke erhalten Travel Data + Analytics (TDA) unterst\u00fctzt touristische Unternehmen mit regelm\u00e4\u00dfigen Marktanalysen auf Grundlage von anonymisierten Buchungsdaten, die \u00fcber Datenschnittstellen erfasst und marktrepr\u00e4sentativ hochgerechnet ...\" \/>\n<meta property=\"og:url\" content=\"https:\/\/traveldataanalytics.de\/en\/about-us\/become-data-partner\/\" \/>\n<meta property=\"og:site_name\" content=\"Travel Data + Analytics GmbH\" \/>\n<meta property=\"article:modified_time\" content=\"2023-09-22T22:20:43+00:00\" \/>\n<meta property=\"og:image\" content=\"https:\/\/traveldataanalytics.de\/wp-content\/uploads\/2019\/07\/tda_insights-e1564603512360.png\" \/>\n\t<meta property=\"og:image:width\" content=\"1904\" \/>\n\t<meta property=\"og:image:height\" content=\"356\" \/>\n\t<meta property=\"og:image:type\" content=\"image\/png\" \/>\n<meta name=\"twitter:card\" content=\"summary_large_image\" \/>\n<meta name=\"twitter:label1\" content=\"Estimated reading time\" \/>\n\t<meta name=\"twitter:data1\" content=\"3 minutes\" \/>\n<script type=\"application\/ld+json\" class=\"yoast-schema-graph\">{\"@context\":\"https:\\\/\\\/schema.org\",\"@graph\":[{\"@type\":\"WebPage\",\"@id\":\"https:\\\/\\\/traveldataanalytics.de\\\/ueber-uns\\\/datenpartner-werden\",\"url\":\"https:\\\/\\\/traveldataanalytics.de\\\/ueber-uns\\\/datenpartner-werden\",\"name\":\"Datenpartner werden &#8211; Travel Data + Analytics GmbH\",\"isPartOf\":{\"@id\":\"https:\\\/\\\/traveldataanalytics.de\\\/#website\"},\"primaryImageOfPage\":{\"@id\":\"https:\\\/\\\/traveldataanalytics.de\\\/ueber-uns\\\/datenpartner-werden#primaryimage\"},\"image\":{\"@id\":\"https:\\\/\\\/traveldataanalytics.de\\\/ueber-uns\\\/datenpartner-werden#primaryimage\"},\"thumbnailUrl\":\"https:\\\/\\\/traveldataanalytics.de\\\/wp-content\\\/uploads\\\/2019\\\/07\\\/tda_insights-e1564603512360.png\",\"datePublished\":\"2021-04-28T08:00:00+00:00\",\"dateModified\":\"2023-09-22T22:20:43+00:00\",\"breadcrumb\":{\"@id\":\"https:\\\/\\\/traveldataanalytics.de\\\/ueber-uns\\\/datenpartner-werden#breadcrumb\"},\"inLanguage\":\"en-GB\",\"potentialAction\":[{\"@type\":\"ReadAction\",\"target\":[\"https:\\\/\\\/traveldataanalytics.de\\\/ueber-uns\\\/datenpartner-werden\"]}]},{\"@type\":\"ImageObject\",\"inLanguage\":\"en-GB\",\"@id\":\"https:\\\/\\\/traveldataanalytics.de\\\/ueber-uns\\\/datenpartner-werden#primaryimage\",\"url\":\"https:\\\/\\\/traveldataanalytics.de\\\/wp-content\\\/uploads\\\/2019\\\/07\\\/tda_insights-e1564603512360.png\",\"contentUrl\":\"https:\\\/\\\/traveldataanalytics.de\\\/wp-content\\\/uploads\\\/2019\\\/07\\\/tda_insights-e1564603512360.png\",\"width\":1904,\"height\":356},{\"@type\":\"BreadcrumbList\",\"@id\":\"https:\\\/\\\/traveldataanalytics.de\\\/ueber-uns\\\/datenpartner-werden#breadcrumb\",\"itemListElement\":[{\"@type\":\"ListItem\",\"position\":1,\"name\":\"Home\",\"item\":\"https:\\\/\\\/traveldataanalytics.de\\\/\"},{\"@type\":\"ListItem\",\"position\":2,\"name\":\"\u00dcber uns\",\"item\":\"https:\\\/\\\/traveldataanalytics.de\\\/ueber-uns\"},{\"@type\":\"ListItem\",\"position\":3,\"name\":\"Datenpartner werden\"}]},{\"@type\":\"WebSite\",\"@id\":\"https:\\\/\\\/traveldataanalytics.de\\\/#website\",\"url\":\"https:\\\/\\\/traveldataanalytics.de\\\/\",\"name\":\"Travel Data + Analytics GmbH\",\"description\":\"Die erfolgreiche Gesch\u00e4ftsentwicklung Ihres Unternehmens ist unsere Mission.\",\"publisher\":{\"@id\":\"https:\\\/\\\/traveldataanalytics.de\\\/#organization\"},\"alternateName\":\"TDA\",\"potentialAction\":[{\"@type\":\"SearchAction\",\"target\":{\"@type\":\"EntryPoint\",\"urlTemplate\":\"https:\\\/\\\/traveldataanalytics.de\\\/?s={search_term_string}\"},\"query-input\":{\"@type\":\"PropertyValueSpecification\",\"valueRequired\":true,\"valueName\":\"search_term_string\"}}],\"inLanguage\":\"en-GB\"},{\"@type\":\"Organization\",\"@id\":\"https:\\\/\\\/traveldataanalytics.de\\\/#organization\",\"name\":\"Travel Data + Analytics GmbH\",\"alternateName\":\"TDA\",\"url\":\"https:\\\/\\\/traveldataanalytics.de\\\/\",\"logo\":{\"@type\":\"ImageObject\",\"inLanguage\":\"en-GB\",\"@id\":\"https:\\\/\\\/traveldataanalytics.de\\\/#\\\/schema\\\/logo\\\/image\\\/\",\"url\":\"https:\\\/\\\/traveldataanalytics.de\\\/wp-content\\\/uploads\\\/2019\\\/07\\\/crop-e1563634024111.png\",\"contentUrl\":\"https:\\\/\\\/traveldataanalytics.de\\\/wp-content\\\/uploads\\\/2019\\\/07\\\/crop-e1563634024111.png\",\"width\":1323,\"height\":496,\"caption\":\"Travel Data + Analytics GmbH\"},\"image\":{\"@id\":\"https:\\\/\\\/traveldataanalytics.de\\\/#\\\/schema\\\/logo\\\/image\\\/\"}}]}<\/script>\n<!-- \/ Yoast SEO plugin. -->","yoast_head_json":{"title":"Datenpartner werden &#8211; Travel Data + Analytics GmbH","robots":{"index":"index","follow":"follow","max-snippet":"max-snippet:-1","max-image-preview":"max-image-preview:large","max-video-preview":"max-video-preview:-1"},"canonical":"https:\/\/traveldataanalytics.de\/en\/about-us\/become-data-partner\/","og_locale":"en_GB","og_type":"article","og_title":"Datenpartner werden &#8211; Travel Data + Analytics GmbH","og_description":"Jetzt Datenpartner werden und tiefe Markteinblicke erhalten Travel Data + Analytics (TDA) unterst\u00fctzt touristische Unternehmen mit regelm\u00e4\u00dfigen Marktanalysen auf Grundlage von anonymisierten Buchungsdaten, die \u00fcber Datenschnittstellen erfasst und marktrepr\u00e4sentativ hochgerechnet ...","og_url":"https:\/\/traveldataanalytics.de\/en\/about-us\/become-data-partner\/","og_site_name":"Travel Data + Analytics GmbH","article_modified_time":"2023-09-22T22:20:43+00:00","og_image":[{"width":1904,"height":356,"url":"https:\/\/traveldataanalytics.de\/wp-content\/uploads\/2019\/07\/tda_insights-e1564603512360.png","type":"image\/png"}],"twitter_card":"summary_large_image","twitter_misc":{"Estimated reading time":"3 minutes"},"schema":{"@context":"https:\/\/schema.org","@graph":[{"@type":"WebPage","@id":"https:\/\/traveldataanalytics.de\/ueber-uns\/datenpartner-werden","url":"https:\/\/traveldataanalytics.de\/ueber-uns\/datenpartner-werden","name":"Datenpartner werden &#8211; Travel Data + Analytics GmbH","isPartOf":{"@id":"https:\/\/traveldataanalytics.de\/#website"},"primaryImageOfPage":{"@id":"https:\/\/traveldataanalytics.de\/ueber-uns\/datenpartner-werden#primaryimage"},"image":{"@id":"https:\/\/traveldataanalytics.de\/ueber-uns\/datenpartner-werden#primaryimage"},"thumbnailUrl":"https:\/\/traveldataanalytics.de\/wp-content\/uploads\/2019\/07\/tda_insights-e1564603512360.png","datePublished":"2021-04-28T08:00:00+00:00","dateModified":"2023-09-22T22:20:43+00:00","breadcrumb":{"@id":"https:\/\/traveldataanalytics.de\/ueber-uns\/datenpartner-werden#breadcrumb"},"inLanguage":"en-GB","potentialAction":[{"@type":"ReadAction","target":["https:\/\/traveldataanalytics.de\/ueber-uns\/datenpartner-werden"]}]},{"@type":"ImageObject","inLanguage":"en-GB","@id":"https:\/\/traveldataanalytics.de\/ueber-uns\/datenpartner-werden#primaryimage","url":"https:\/\/traveldataanalytics.de\/wp-content\/uploads\/2019\/07\/tda_insights-e1564603512360.png","contentUrl":"https:\/\/traveldataanalytics.de\/wp-content\/uploads\/2019\/07\/tda_insights-e1564603512360.png","width":1904,"height":356},{"@type":"BreadcrumbList","@id":"https:\/\/traveldataanalytics.de\/ueber-uns\/datenpartner-werden#breadcrumb","itemListElement":[{"@type":"ListItem","position":1,"name":"Home","item":"https:\/\/traveldataanalytics.de\/"},{"@type":"ListItem","position":2,"name":"\u00dcber uns","item":"https:\/\/traveldataanalytics.de\/ueber-uns"},{"@type":"ListItem","position":3,"name":"Datenpartner werden"}]},{"@type":"WebSite","@id":"https:\/\/traveldataanalytics.de\/#website","url":"https:\/\/traveldataanalytics.de\/","name":"Travel Data + Analytics GmbH","description":"Die erfolgreiche Gesch\u00e4ftsentwicklung Ihres Unternehmens ist unsere Mission.","publisher":{"@id":"https:\/\/traveldataanalytics.de\/#organization"},"alternateName":"TDA","potentialAction":[{"@type":"SearchAction","target":{"@type":"EntryPoint","urlTemplate":"https:\/\/traveldataanalytics.de\/?s={search_term_string}"},"query-input":{"@type":"PropertyValueSpecification","valueRequired":true,"valueName":"search_term_string"}}],"inLanguage":"en-GB"},{"@type":"Organization","@id":"https:\/\/traveldataanalytics.de\/#organization","name":"Travel Data + Analytics GmbH","alternateName":"TDA","url":"https:\/\/traveldataanalytics.de\/","logo":{"@type":"ImageObject","inLanguage":"en-GB","@id":"https:\/\/traveldataanalytics.de\/#\/schema\/logo\/image\/","url":"https:\/\/traveldataanalytics.de\/wp-content\/uploads\/2019\/07\/crop-e1563634024111.png","contentUrl":"https:\/\/traveldataanalytics.de\/wp-content\/uploads\/2019\/07\/crop-e1563634024111.png","width":1323,"height":496,"caption":"Travel Data + Analytics GmbH"},"image":{"@id":"https:\/\/traveldataanalytics.de\/#\/schema\/logo\/image\/"}}]}},"jetpack_sharing_enabled":true,"_links":{"self":[{"href":"https:\/\/traveldataanalytics.de\/en\/wp-json\/wp\/v2\/pages\/2117","targetHints":{"allow":["GET"]}}],"collection":[{"href":"https:\/\/traveldataanalytics.de\/en\/wp-json\/wp\/v2\/pages"}],"about":[{"href":"https:\/\/traveldataanalytics.de\/en\/wp-json\/wp\/v2\/types\/page"}],"author":[{"embeddable":true,"href":"https:\/\/traveldataanalytics.de\/en\/wp-json\/wp\/v2\/users\/1"}],"replies":[{"embeddable":true,"href":"https:\/\/traveldataanalytics.de\/en\/wp-json\/wp\/v2\/comments?post=2117"}],"version-history":[{"count":48,"href":"https:\/\/traveldataanalytics.de\/en\/wp-json\/wp\/v2\/pages\/2117\/revisions"}],"predecessor-version":[{"id":8855,"href":"https:\/\/traveldataanalytics.de\/en\/wp-json\/wp\/v2\/pages\/2117\/revisions\/8855"}],"up":[{"embeddable":true,"href":"https:\/\/traveldataanalytics.de\/en\/wp-json\/wp\/v2\/pages\/8"}],"wp:featuredmedia":[{"embeddable":true,"href":"https:\/\/traveldataanalytics.de\/en\/wp-json\/wp\/v2\/media\/634"}],"wp:attachment":[{"href":"https:\/\/traveldataanalytics.de\/en\/wp-json\/wp\/v2\/media?parent=2117"}],"curies":[{"name":"wp","href":"https:\/\/api.w.org\/{rel}","templated":true}]}}